{"id":88,"date":"2014-01-15T12:53:17","date_gmt":"2014-01-15T10:53:17","guid":{"rendered":"http:\/\/www.merciahotel.com\/MerciaHotel\/?page_id=88"},"modified":"2026-03-24T17:29:11","modified_gmt":"2026-03-24T14:29:11","slug":"odalar","status":"publish","type":"page","link":"http:\/\/www.merciahotel.com\/MerciaHotel\/?page_id=88","title":{"rendered":"Odalar"},"content":{"rendered":"\n<br \/>\n<br \/>\n<\/p>\n<div class=\"wordpress-post-tabs tabs_88_0_wrap wordpress-post-tabs-skin-gray\"\"><div id=\"tabs_88_0\"><ul><li><a href=\"http:\/\/www.merciahotel.com\/MerciaHotel\/index.php?rest_route=%2Fwp%2Fv2%2Fpages%2F88#tabs-88-0-0\" title=\"\"><\/a><\/li><li><a href=\"http:\/\/www.merciahotel.com\/MerciaHotel\/index.php?rest_route=%2Fwp%2Fv2%2Fpages%2F88#tabs-88-0-1\" title=\"Aile Odas\u0131\">Aile Odas\u0131<\/a><\/li><li><a href=\"http:\/\/www.merciahotel.com\/MerciaHotel\/index.php?rest_route=%2Fwp%2Fv2%2Fpages%2F88#tabs-88-0-2\" title=\"Executive Suite\">Executive Suite<\/a><\/li><li><a href=\"http:\/\/www.merciahotel.com\/MerciaHotel\/index.php?rest_route=%2Fwp%2Fv2%2Fpages%2F88#tabs-88-0-3\" title=\"Deluxe Suite\">Deluxe Suite<\/a><\/li><\/ul><div class=\"wpts_cl\"><\/div><div id=\"tabs-88-0-0\"><\/div><div id=\"tabs-88-0-1\"><p>\n<blockquote>\n<h2><strong>Oda \u00d6zellikleri<\/strong><\/h2>\n<\/blockquote>\n<p>Bu odalar\u0131m\u0131zda arkada\u015flar\u0131n\u0131zla yada \u00e7ocuklar\u0131n\u0131zla birlikte sizlere 2 yada 3 ki\u015fi i\u00e7in ayr\u0131 yataklarda rahat ve konforlu bir konaklama imkan\u0131 sunuyoruz.<\/p>\n<ul>\n<li>26m\u00b2<\/li>\n<li>2 ki\u015filik ve 1 ki\u015filik, 2 adet yatak<\/li>\n<li>Bah\u00e7e manzaral\u0131<\/li>\n<li>Du\u015fakabin<\/li>\n<li>1 yatak odas\u0131<\/li>\n<li>\u00c7elik kasa<\/li>\n<li>LCD TV, Telefon, \u0130nternet<\/li>\n<li>Minibar<\/li>\n<li>Merkezi sistem klima<\/li>\n<\/ul>\n\n\n\t\t<style type=\"text\/css\">\n\t\t\t#gallery-2 {\n\t\t\t\tmargin: auto;\n\t\t\t}\n\t\t\t#gallery-2 .gallery-item {\n\t\t\t\tfloat: left;\n\t\t\t\tmargin-top: 10px;\n\t\t\t\ttext-align: center;\n\t\t\t\twidth: 25%;\n\t\t\t}\n\t\t\t#gallery-2 img {\n\t\t\t\tborder: 2px solid #cfcfcf;\n\t\t\t}\n\t\t\t#gallery-2 .gallery-caption {\n\t\t\t\tmargin-left: 0;\n\t\t\t}\n\t\t\t\/* see gallery_shortcode() in wp-includes\/media.php *\/\n\t\t<\/style>\n\t\t<div id='gallery-2' class='gallery galleryid-88 gallery-columns-4 gallery-size-medium'><dl class='gallery-item'>\n\t\t\t<dt class='gallery-icon landscape'>\n\t\t\t\t<a href='http:\/\/www.merciahotel.com\/MerciaHotel\/wp-content\/uploads\/1-1.jpg' rel=\"lightbox[88]\"><img width=\"300\" height=\"225\" src=\"http:\/\/www.merciahotel.com\/MerciaHotel\/wp-content\/uploads\/1-1-300x225.jpg\" class=\"attachment-medium size-medium\" alt=\"\" loading=\"lazy\" srcset=\"http:\/\/www.merciahotel.com\/MerciaHotel\/wp-content\/uploads\/1-1-300x225.jpg 300w, http:\/\/www.merciahotel.com\/MerciaHotel\/wp-content\/uploads\/1-1-280x210.jpg 280w, http:\/\/www.merciahotel.com\/MerciaHotel\/wp-content\/uploads\/1-1.jpg 564w\" sizes=\"(max-width: 300px) 100vw, 300px\" \/><\/a>\n\t\t\t<\/dt><\/dl><dl class='gallery-item'>\n\t\t\t<dt class='gallery-icon landscape'>\n\t\t\t\t<a href='http:\/\/www.merciahotel.com\/MerciaHotel\/wp-content\/uploads\/2-1.jpg' rel=\"lightbox[88]\"><img width=\"300\" height=\"225\" src=\"http:\/\/www.merciahotel.com\/MerciaHotel\/wp-content\/uploads\/2-1-300x225.jpg\" class=\"attachment-medium size-medium\" alt=\"\" loading=\"lazy\" srcset=\"http:\/\/www.merciahotel.com\/MerciaHotel\/wp-content\/uploads\/2-1-300x225.jpg 300w, http:\/\/www.merciahotel.com\/MerciaHotel\/wp-content\/uploads\/2-1-280x210.jpg 280w, http:\/\/www.merciahotel.com\/MerciaHotel\/wp-content\/uploads\/2-1.jpg 564w\" sizes=\"(max-width: 300px) 100vw, 300px\" \/><\/a>\n\t\t\t<\/dt><\/dl><dl class='gallery-item'>\n\t\t\t<dt class='gallery-icon landscape'>\n\t\t\t\t<a href='http:\/\/www.merciahotel.com\/MerciaHotel\/wp-content\/uploads\/3-1.jpg' rel=\"lightbox[88]\"><img width=\"300\" height=\"225\" src=\"http:\/\/www.merciahotel.com\/MerciaHotel\/wp-content\/uploads\/3-1-300x225.jpg\" class=\"attachment-medium size-medium\" alt=\"\" loading=\"lazy\" srcset=\"http:\/\/www.merciahotel.com\/MerciaHotel\/wp-content\/uploads\/3-1-300x225.jpg 300w, http:\/\/www.merciahotel.com\/MerciaHotel\/wp-content\/uploads\/3-1-280x210.jpg 280w, http:\/\/www.merciahotel.com\/MerciaHotel\/wp-content\/uploads\/3-1.jpg 564w\" sizes=\"(max-width: 300px) 100vw, 300px\" \/><\/a>\n\t\t\t<\/dt><\/dl><dl class='gallery-item'>\n\t\t\t<dt class='gallery-icon landscape'>\n\t\t\t\t<a href='http:\/\/www.merciahotel.com\/MerciaHotel\/wp-content\/uploads\/4-1.jpg' rel=\"lightbox[88]\"><img width=\"300\" height=\"225\" src=\"http:\/\/www.merciahotel.com\/MerciaHotel\/wp-content\/uploads\/4-1-300x225.jpg\" class=\"attachment-medium size-medium\" alt=\"\" loading=\"lazy\" srcset=\"http:\/\/www.merciahotel.com\/MerciaHotel\/wp-content\/uploads\/4-1-300x225.jpg 300w, http:\/\/www.merciahotel.com\/MerciaHotel\/wp-content\/uploads\/4-1-280x210.jpg 280w, http:\/\/www.merciahotel.com\/MerciaHotel\/wp-content\/uploads\/4-1.jpg 564w\" sizes=\"(max-width: 300px) 100vw, 300px\" \/><\/a>\n\t\t\t<\/dt><\/dl><br style=\"clear: both\" \/>\n\t\t<\/div>\n\n<\/div><div id=\"tabs-88-0-2\">\n<blockquote>\n<h2><strong>Oda \u00d6zellikleri<\/strong><\/h2>\n<\/blockquote>\n<p>Otelimizin en \u00fcst kat\u0131nda yer alan, Marmara Denizi manzaral\u0131 bir terasa sahip olan Executive Suite odalar\u0131m\u0131zda yorgun bir i\u015f g\u00fcn\u00fcn ard\u0131ndan kahvenizi i\u00e7erken kitab\u0131n\u0131z\u0131 okuyabilir, i\u015f notlar\u0131n\u0131za g\u00f6z atabilir yada g\u00fcne\u015flenebilirsiniz.<\/p>\n<ul>\n<li>38m\u00b2<\/li>\n<li>1 adet 2 ki\u015filik yatak<\/li>\n<li>Deniz manzaral\u0131<\/li>\n<li>Teras 6m\u00b2<\/li>\n<li>K\u00fcvet<\/li>\n<li>1 yatak odas\u0131<\/li>\n<li>\u00c7elik kasa<\/li>\n<li>LCD TV, Telefon, \u0130nternet<\/li>\n<li>Minibar ,\u00a0Merkezi sistem klima<\/li>\n<\/ul>\n\n\n\t\t<style type=\"text\/css\">\n\t\t\t#gallery-3 {\n\t\t\t\tmargin: auto;\n\t\t\t}\n\t\t\t#gallery-3 .gallery-item {\n\t\t\t\tfloat: left;\n\t\t\t\tmargin-top: 10px;\n\t\t\t\ttext-align: center;\n\t\t\t\twidth: 25%;\n\t\t\t}\n\t\t\t#gallery-3 img {\n\t\t\t\tborder: 2px solid #cfcfcf;\n\t\t\t}\n\t\t\t#gallery-3 .gallery-caption {\n\t\t\t\tmargin-left: 0;\n\t\t\t}\n\t\t\t\/* see gallery_shortcode() in wp-includes\/media.php *\/\n\t\t<\/style>\n\t\t<div id='gallery-3' class='gallery galleryid-88 gallery-columns-4 gallery-size-medium'><dl class='gallery-item'>\n\t\t\t<dt class='gallery-icon landscape'>\n\t\t\t\t<a href='http:\/\/www.merciahotel.com\/MerciaHotel\/wp-content\/uploads\/1-2.jpg' rel=\"lightbox[88]\"><img width=\"300\" height=\"200\" src=\"http:\/\/www.merciahotel.com\/MerciaHotel\/wp-content\/uploads\/1-2-300x200.jpg\" class=\"attachment-medium size-medium\" alt=\"\" loading=\"lazy\" srcset=\"http:\/\/www.merciahotel.com\/MerciaHotel\/wp-content\/uploads\/1-2-300x200.jpg 300w, http:\/\/www.merciahotel.com\/MerciaHotel\/wp-content\/uploads\/1-2-315x210.jpg 315w, http:\/\/www.merciahotel.com\/MerciaHotel\/wp-content\/uploads\/1-2.jpg 634w\" sizes=\"(max-width: 300px) 100vw, 300px\" \/><\/a>\n\t\t\t<\/dt><\/dl><dl class='gallery-item'>\n\t\t\t<dt class='gallery-icon landscape'>\n\t\t\t\t<a href='http:\/\/www.merciahotel.com\/MerciaHotel\/wp-content\/uploads\/2-2.jpg' rel=\"lightbox[88]\"><img width=\"300\" height=\"200\" src=\"http:\/\/www.merciahotel.com\/MerciaHotel\/wp-content\/uploads\/2-2-300x200.jpg\" class=\"attachment-medium size-medium\" alt=\"\" loading=\"lazy\" srcset=\"http:\/\/www.merciahotel.com\/MerciaHotel\/wp-content\/uploads\/2-2-300x200.jpg 300w, http:\/\/www.merciahotel.com\/MerciaHotel\/wp-content\/uploads\/2-2-315x210.jpg 315w, http:\/\/www.merciahotel.com\/MerciaHotel\/wp-content\/uploads\/2-2.jpg 634w\" sizes=\"(max-width: 300px) 100vw, 300px\" \/><\/a>\n\t\t\t<\/dt><\/dl><dl class='gallery-item'>\n\t\t\t<dt class='gallery-icon landscape'>\n\t\t\t\t<a href='http:\/\/www.merciahotel.com\/MerciaHotel\/wp-content\/uploads\/3-2.jpg' rel=\"lightbox[88]\"><img width=\"300\" height=\"200\" src=\"http:\/\/www.merciahotel.com\/MerciaHotel\/wp-content\/uploads\/3-2-300x200.jpg\" class=\"attachment-medium size-medium\" alt=\"\" loading=\"lazy\" srcset=\"http:\/\/www.merciahotel.com\/MerciaHotel\/wp-content\/uploads\/3-2-300x200.jpg 300w, http:\/\/www.merciahotel.com\/MerciaHotel\/wp-content\/uploads\/3-2-315x210.jpg 315w, http:\/\/www.merciahotel.com\/MerciaHotel\/wp-content\/uploads\/3-2.jpg 634w\" sizes=\"(max-width: 300px) 100vw, 300px\" \/><\/a>\n\t\t\t<\/dt><\/dl><dl class='gallery-item'>\n\t\t\t<dt class='gallery-icon landscape'>\n\t\t\t\t<a href='http:\/\/www.merciahotel.com\/MerciaHotel\/wp-content\/uploads\/4-2.jpg' rel=\"lightbox[88]\"><img width=\"300\" height=\"200\" src=\"http:\/\/www.merciahotel.com\/MerciaHotel\/wp-content\/uploads\/4-2-300x200.jpg\" class=\"attachment-medium size-medium\" alt=\"\" loading=\"lazy\" srcset=\"http:\/\/www.merciahotel.com\/MerciaHotel\/wp-content\/uploads\/4-2-300x200.jpg 300w, http:\/\/www.merciahotel.com\/MerciaHotel\/wp-content\/uploads\/4-2-315x210.jpg 315w, http:\/\/www.merciahotel.com\/MerciaHotel\/wp-content\/uploads\/4-2.jpg 634w\" sizes=\"(max-width: 300px) 100vw, 300px\" \/><\/a>\n\t\t\t<\/dt><\/dl><br style=\"clear: both\" \/>\n\t\t<\/div>\n\n<\/div><div id=\"tabs-88-0-3\">\n<blockquote>\n<h2><strong>Oda \u00d6zellikleri<\/strong><\/h2>\n<\/blockquote>\n<p>\u00d6zellikle i\u015f adamlar\u0131 balay\u0131, evlilik y\u0131ld\u00f6n\u00fcm\u00fc gibi \u00f6zel g\u00fcnlerini kutlamay\u0131 d\u00fc\u015f\u00fcnen \u00e7iftler ve \u00e7ocuklu ailelere hitap eden geni\u015f ve ferah bir ya\u015fam alan\u0131 sunan Deluxe Suite odalar\u0131m\u0131z sizlere VIP ve konforlu bir konaklama se\u00e7ene\u011fi sunmaktad\u0131r.<\/p>\n<ul>\n<li>52m\u00b2<\/li>\n<li>1 adet 2 ki\u015filik yatak<\/li>\n<li>Bah\u00e7e manzaral\u0131<\/li>\n<li>K\u00fcvet<\/li>\n<li>1 yatak odas\u0131 ve 1 oturma odas\u0131<\/li>\n<li>\u00c7elik kasa<\/li>\n<li>LCD TV, Telefon, \u0130nternet<\/li>\n<li>Minibar<\/li>\n<li>Merkezi sistem klima<\/li>\n<\/ul>\n\n\n\t\t<style type=\"text\/css\">\n\t\t\t#gallery-4 {\n\t\t\t\tmargin: auto;\n\t\t\t}\n\t\t\t#gallery-4 .gallery-item {\n\t\t\t\tfloat: left;\n\t\t\t\tmargin-top: 10px;\n\t\t\t\ttext-align: center;\n\t\t\t\twidth: 25%;\n\t\t\t}\n\t\t\t#gallery-4 img {\n\t\t\t\tborder: 2px solid #cfcfcf;\n\t\t\t}\n\t\t\t#gallery-4 .gallery-caption {\n\t\t\t\tmargin-left: 0;\n\t\t\t}\n\t\t\t\/* see gallery_shortcode() in wp-includes\/media.php *\/\n\t\t<\/style>\n\t\t<div id='gallery-4' class='gallery galleryid-88 gallery-columns-4 gallery-size-medium'><dl class='gallery-item'>\n\t\t\t<dt class='gallery-icon landscape'>\n\t\t\t\t<a href='http:\/\/www.merciahotel.com\/MerciaHotel\/wp-content\/uploads\/1-3.jpg' rel=\"lightbox[88]\"><img width=\"300\" height=\"225\" src=\"http:\/\/www.merciahotel.com\/MerciaHotel\/wp-content\/uploads\/1-3-300x225.jpg\" class=\"attachment-medium size-medium\" alt=\"\" loading=\"lazy\" srcset=\"http:\/\/www.merciahotel.com\/MerciaHotel\/wp-content\/uploads\/1-3-300x225.jpg 300w, http:\/\/www.merciahotel.com\/MerciaHotel\/wp-content\/uploads\/1-3-280x210.jpg 280w, http:\/\/www.merciahotel.com\/MerciaHotel\/wp-content\/uploads\/1-3.jpg 564w\" sizes=\"(max-width: 300px) 100vw, 300px\" \/><\/a>\n\t\t\t<\/dt><\/dl><dl class='gallery-item'>\n\t\t\t<dt class='gallery-icon landscape'>\n\t\t\t\t<a href='http:\/\/www.merciahotel.com\/MerciaHotel\/wp-content\/uploads\/2-3.jpg' rel=\"lightbox[88]\"><img width=\"300\" height=\"225\" src=\"http:\/\/www.merciahotel.com\/MerciaHotel\/wp-content\/uploads\/2-3-300x225.jpg\" class=\"attachment-medium size-medium\" alt=\"\" loading=\"lazy\" srcset=\"http:\/\/www.merciahotel.com\/MerciaHotel\/wp-content\/uploads\/2-3-300x225.jpg 300w, http:\/\/www.merciahotel.com\/MerciaHotel\/wp-content\/uploads\/2-3-280x210.jpg 280w, http:\/\/www.merciahotel.com\/MerciaHotel\/wp-content\/uploads\/2-3.jpg 564w\" sizes=\"(max-width: 300px) 100vw, 300px\" \/><\/a>\n\t\t\t<\/dt><\/dl><dl class='gallery-item'>\n\t\t\t<dt class='gallery-icon landscape'>\n\t\t\t\t<a href='http:\/\/www.merciahotel.com\/MerciaHotel\/wp-content\/uploads\/3-3.jpg' rel=\"lightbox[88]\"><img width=\"300\" height=\"225\" src=\"http:\/\/www.merciahotel.com\/MerciaHotel\/wp-content\/uploads\/3-3-300x225.jpg\" class=\"attachment-medium size-medium\" alt=\"\" loading=\"lazy\" srcset=\"http:\/\/www.merciahotel.com\/MerciaHotel\/wp-content\/uploads\/3-3-300x225.jpg 300w, http:\/\/www.merciahotel.com\/MerciaHotel\/wp-content\/uploads\/3-3-280x210.jpg 280w, http:\/\/www.merciahotel.com\/MerciaHotel\/wp-content\/uploads\/3-3.jpg 564w\" sizes=\"(max-width: 300px) 100vw, 300px\" \/><\/a>\n\t\t\t<\/dt><\/dl><dl class='gallery-item'>\n\t\t\t<dt class='gallery-icon landscape'>\n\t\t\t\t<a href='http:\/\/www.merciahotel.com\/MerciaHotel\/wp-content\/uploads\/4-3.jpg' rel=\"lightbox[88]\"><img width=\"300\" height=\"225\" src=\"http:\/\/www.merciahotel.com\/MerciaHotel\/wp-content\/uploads\/4-3-300x225.jpg\" class=\"attachment-medium size-medium\" alt=\"\" loading=\"lazy\" srcset=\"http:\/\/www.merciahotel.com\/MerciaHotel\/wp-content\/uploads\/4-3-300x225.jpg 300w, http:\/\/www.merciahotel.com\/MerciaHotel\/wp-content\/uploads\/4-3-280x210.jpg 280w, http:\/\/www.merciahotel.com\/MerciaHotel\/wp-content\/uploads\/4-3.jpg 564w\" sizes=\"(max-width: 300px) 100vw, 300px\" \/><\/a>\n\t\t\t<\/dt><\/dl><br style=\"clear: both\" \/>\n\t\t<\/div>\n\n<\/div><div class=\"wpts_cl\"><\/div><div class=\"wpts_cr\"><\/div><\/div><\/div><script type=\"text\/javascript\">\t\t\t\t\t\tjQuery(function() {jQuery( \"#tabs_88_0\" ).posttabs({ tabname : \"tabs_88_0\",\t\t\t\t\tfade \t: \"0\",\t\t\t\t\tactive\t: \"\",\t\t\t\t\treload\t: \"0\",\t\t\t\t\tnav\t: \"0\",\t\t\t\t\tnexttext: \"Next \u00bb\",\t\t\t\t\tprevtext: \"\u00ab Prev\",\t\t\t\t\tenablecookie:\"0\"\t\t\t\t});})<\/script> \n<div class=\"wordpress-post-tabs tabs_88_1_wrap wordpress-post-tabs-skin-gray\"\"><div id=\"tabs_88_1\"><div class=\"wpts_cl\"><\/div><div class=\"wpts_cr\"><\/div><\/div><\/div><script type=\"text\/javascript\">\t\t\t\t\t\tjQuery(function() {jQuery( \"#tabs_88_1\" ).posttabs({ tabname : \"tabs_88_1\",\t\t\t\t\tfade \t: \"0\",\t\t\t\t\tactive\t: \"\",\t\t\t\t\treload\t: \"0\",\t\t\t\t\tnav\t: \"0\",\t\t\t\t\tnexttext: \"Next \u00bb\",\t\t\t\t\tprevtext: \"\u00ab Prev\",\t\t\t\t\tenablecookie:\"0\"\t\t\t\t});})<\/script> \n<div class=\"wordpress-post-tabs tabs_88_2_wrap wordpress-post-tabs-skin-gray\"\"><div id=\"tabs_88_2\"><div class=\"wpts_cl\"><\/div><div class=\"wpts_cr\"><\/div><\/div><\/div><script type=\"text\/javascript\">\t\t\t\t\t\tjQuery(function() {jQuery( \"#tabs_88_2\" ).posttabs({ tabname : \"tabs_88_2\",\t\t\t\t\tfade \t: \"0\",\t\t\t\t\tactive\t: \"\",\t\t\t\t\treload\t: \"0\",\t\t\t\t\tnav\t: \"0\",\t\t\t\t\tnexttext: \"Next \u00bb\",\t\t\t\t\tprevtext: \"\u00ab Prev\",\t\t\t\t\tenablecookie:\"0\"\t\t\t\t});})<\/script> \n<div class=\"wordpress-post-tabs tabs_88_3_wrap wordpress-post-tabs-skin-gray\"\"><div id=\"tabs_88_3\"><div class=\"wpts_cl\"><\/div><div class=\"wpts_cr\"><\/div><\/div><\/div><script type=\"text\/javascript\">\t\t\t\t\t\tjQuery(function() {jQuery( \"#tabs_88_3\" ).posttabs({ tabname : \"tabs_88_3\",\t\t\t\t\tfade \t: \"0\",\t\t\t\t\tactive\t: \"\",\t\t\t\t\treload\t: \"0\",\t\t\t\t\tnav\t: \"0\",\t\t\t\t\tnexttext: \"Next \u00bb\",\t\t\t\t\tprevtext: \"\u00ab Prev\",\t\t\t\t\tenablecookie:\"0\"\t\t\t\t});})<\/script> \n","protected":false},"excerpt":{"rendered":"","protected":false},"author":1,"featured_media":0,"parent":0,"menu_order":0,"comment_status":"closed","ping_status":"open","template":"","meta":[],"_links":{"self":[{"href":"http:\/\/www.merciahotel.com\/MerciaHotel\/index.php?rest_route=\/wp\/v2\/pages\/88"}],"collection":[{"href":"http:\/\/www.merciahotel.com\/MerciaHotel\/index.php?rest_route=\/wp\/v2\/pages"}],"about":[{"href":"http:\/\/www.merciahotel.com\/MerciaHotel\/index.php?rest_route=\/wp\/v2\/types\/page"}],"author":[{"embeddable":true,"href":"http:\/\/www.merciahotel.com\/MerciaHotel\/index.php?rest_route=\/wp\/v2\/users\/1"}],"replies":[{"embeddable":true,"href":"http:\/\/www.merciahotel.com\/MerciaHotel\/index.php?rest_route=%2Fwp%2Fv2%2Fcomments&post=88"}],"version-history":[{"count":12,"href":"http:\/\/www.merciahotel.com\/MerciaHotel\/index.php?rest_route=\/wp\/v2\/pages\/88\/revisions"}],"predecessor-version":[{"id":846,"href":"http:\/\/www.merciahotel.com\/MerciaHotel\/index.php?rest_route=\/wp\/v2\/pages\/88\/revisions\/846"}],"wp:attachment":[{"href":"http:\/\/www.merciahotel.com\/MerciaHotel\/index.php?rest_route=%2Fwp%2Fv2%2Fmedia&parent=88"}],"curies":[{"name":"wp","href":"https:\/\/api.w.org\/{rel}","templated":true}]}}