{"id":751,"date":"2020-06-10T10:53:57","date_gmt":"2020-06-10T07:53:57","guid":{"rendered":"http:\/\/www.merciahotel.com\/MerciaHotel\/?page_id=751"},"modified":"2021-10-18T14:24:07","modified_gmt":"2021-10-18T11:24:07","slug":"kvkk-aydinlatma-metni","status":"publish","type":"page","link":"http:\/\/www.merciahotel.com\/MerciaHotel\/?page_id=751","title":{"rendered":"KVKK Ayd\u0131nlatma Metni"},"content":{"rendered":"<p><strong>AYDINLATMA METN\u0130<\/strong><\/p>\n<p><strong>A.GENEL OLARAK<\/strong><\/p>\n<p>MAS Otel \u0130\u015fletmecili\u011fi Tur. \u0130n\u015f. San. Ve Tic. Ltd.\u015eti. (\u201cMercia Hotel &amp; Resorts\u2019\u2019) olarak ki\u015fisel verilerinizin g\u00fcvenli\u011fi hususuna azami hassasiyet g\u00f6stermekteyiz. Bu bilin\u00e7le, \u00fcr\u00fcn ve hizmetlerimizden faydalanan ki\u015filer d\u00e2hil, Mercia Hotel &amp; Resorts ile ili\u015fkili t\u00fcm \u015fah\u0131slara ait her t\u00fcrl\u00fc ki\u015fisel verinin m\u00fcmk\u00fcn olabilen en iyi \u015fekilde ve \u00f6zenle i\u015flenerek muhafaza edilmesine b\u00fcy\u00fck \u00f6nem atfetmekteyiz. Bu sorumlulu\u011fumuzun tam idraki ile 6698 say\u0131l\u0131 Ki\u015fisel Verilerin Korunmas\u0131 Kanunu (\u201cKanun\u201d) ve ilgili mevzuat kapsam\u0131nda Veri Sorumlusu s\u0131fat\u0131yla, ki\u015fisel verilerinizi a\u015fa\u011f\u0131da izah edildi\u011fi surette ve mevzuat taraf\u0131ndan emredilen s\u0131n\u0131rlar \u00e7er\u00e7evesinde i\u015flemekteyiz.<\/p>\n<p><strong>B.VER\u0130 SORUMLUSUNUN K\u0130ML\u0130\u011e\u0130<\/strong><\/p>\n<p>Ki\u015fisel Verilerin Korunmas\u0131 Kanunu\u2019nun 3\u2019\u00fcnc\u00fc maddesinin 1\u2019inci f\u0131kras\u0131n\u0131n (\u0131) bendinde veri sorumlusu, \u2018Ki\u015fisel verilerin i\u015fleme ama\u00e7lar\u0131n\u0131 ve vas\u0131talar\u0131n\u0131 belirleyen, veri kay\u0131t sisteminin kurulmas\u0131ndan ve y\u00f6netilmesinden sorumlu olan ger\u00e7ek veya t\u00fczel ki\u015filer\u2019 olarak tan\u0131mlanm\u0131\u015ft\u0131r. Bu \u00e7er\u00e7evede veri sorumlusu \u201c\u015firketimiz\u201d olarak bulunmaktad\u0131r.<\/p>\n<p><strong>C.K\u0130\u015e\u0130SEL VER\u0130LER\u0130N TOPLANMASI, \u0130\u015eLENMES\u0130 VE \u0130\u015eLEME AMA\u00c7LARI<\/strong><\/p>\n<p>Ki\u015fisel verileriniz, Mercia Hotel &amp; Resorts taraf\u0131ndan verilen hizmet, \u00fcr\u00fcn ya da ticari faaliyete ba\u011fl\u0131 olarak de\u011fi\u015fkenlik g\u00f6sterebilmekle; otomatik ya da otomatik olmayan y\u00f6ntemlerle, internet sitesi, sosyal medya mecralar\u0131\u00a0 ve benzeri vas\u0131talarla s\u00f6zl\u00fc, yaz\u0131l\u0131 ya da elektronik olarak toplanmaktad\u0131r. Mercia Hotel &amp; Resorts ve markalar\u0131n\u0131n hizmetlerinden yararland\u0131\u011f\u0131n\u0131z m\u00fcddet\u00e7e olu\u015fturularak ve g\u00fcncellenerek, a\u015fa\u011f\u0131da yer alan ama\u00e7lar dahilinde i\u015flenebilmektedir:<\/p>\n<ul>\n<li><strong>Kimlik verileri<\/strong><\/li>\n<\/ul>\n<p>Gerek misafirlerimiz gerekse ziyaret\u00e7ilerimizin kimlik verilerini tabi oldu\u011fumuz mevzuat gere\u011fi ve t\u00fcm konuklar\u0131m\u0131z\u0131n g\u00fcvenli\u011fini sa\u011flamak amac\u0131yla toplamaktay\u0131z.<\/p>\n<p>\u00c7al\u0131\u015fanlar\u0131m\u0131z\u0131n kimlik verilerini ise \u00e7al\u0131\u015fma ve sosyal g\u00fcvenlik mevzuat\u0131 gere\u011fi kaydetmekle y\u00fck\u00fcml\u00fcy\u00fcz.<\/p>\n<p>\u00c7al\u0131\u015fan adaylar\u0131m\u0131z\u0131n kimlik verilerini i\u015f ba\u015fvurular\u0131n\u0131 de\u011ferlendirmek i\u00e7in; tedarik\u00e7i, alt y\u00fcklenici ve benzeri i\u015f ili\u015fkisi i\u00e7erisinde bulundu\u011fumuz ki\u015filerin verilerini ticari gereklilik ve y\u00fck\u00fcml\u00fcl\u00fcklerimiz ile varsa s\u00f6zle\u015fmelerdeki y\u00fck\u00fcml\u00fcl\u00fcklerimizi yerine getirmek i\u00e7in toplamaktay\u0131z.<\/p>\n<ul>\n<li><strong>\u0130leti\u015fim Verileri<\/strong><\/li>\n<\/ul>\n<p>Gerek misafirlerimiz gerekse ziyaret\u00e7ilerimizin ileti\u015fim verilerini tabi oldu\u011fumuz mevzuat gere\u011fi ve t\u00fcm konuklar\u0131m\u0131z\u0131n g\u00fcvenli\u011fini sa\u011flamak; ziyaret\u00e7ilerimizi ve misafirlerimizi reklam, kampanya ve promosyonlar\u0131m\u0131zdan haberdar etmek; sadakat kart programlar\u0131, istihdam ili\u015fkisi ve otelcilik faaliyetlerimizi ifa etmek gibi ama\u00e7larla toplamaktay\u0131z.<\/p>\n<p>\u00c7al\u0131\u015fanlar\u0131m\u0131z\u0131n ileti\u015fim verilerini ise \u00e7al\u0131\u015fma ve sosyal g\u00fcvenlik mevzuat\u0131 gere\u011fi kaydetmekle y\u00fck\u00fcml\u00fcy\u00fcz.<\/p>\n<p>\u00c7al\u0131\u015fan adaylar\u0131m\u0131z\u0131n ileti\u015fim verilerini i\u015f ba\u015fvurular\u0131n\u0131n sonucunu tebli\u011f etmek i\u00e7in; tedarik\u00e7i, alt y\u00fcklenici ve benzeri i\u015f ili\u015fkisi i\u00e7erisinde bulundu\u011fumuz ki\u015filerin verilerini ticari gereklilik ve y\u00fck\u00fcml\u00fcl\u00fcklerimiz ile varsa s\u00f6zle\u015fmelerdeki y\u00fck\u00fcml\u00fcl\u00fcklerimizi yerine getirmek i\u00e7in toplamaktay\u0131z.<\/p>\n<p>&nbsp;<\/p>\n<ul>\n<li><strong>Aile Bireylerine Ait Veriler<\/strong><\/li>\n<\/ul>\n<p>Misafirlerimizin aile bireylerine ait verilerini tabi oldu\u011fumuz mevzuat gere\u011fi ve t\u00fcm konuklar\u0131m\u0131z\u0131n g\u00fcvenli\u011fini sa\u011flamak amac\u0131yla toplamaktay\u0131z.<\/p>\n<p>\u00c7al\u0131\u015fanlar\u0131m\u0131z ve \u00e7al\u0131\u015fan adaylar\u0131m\u0131z\u0131n aile bireylerine ait verilerini ise \u00e7al\u0131\u015fma ve sosyal g\u00fcvenlik mevzuat\u0131 gere\u011fi kaydetmekle y\u00fck\u00fcml\u00fcy\u00fcz.<\/p>\n<ul>\n<li><strong>Mali Veriler<\/strong><\/li>\n<\/ul>\n<p>Gerek misafirlerimizden gerekse \u00fcyelerimizden mali verilerini tabi oldu\u011fumuz mevzuat gere\u011fi ve t\u00fcm konuklar\u0131m\u0131z\u0131n kusursuz bir hizmet almalar\u0131n\u0131 sa\u011flamak amac\u0131yla toplamaktay\u0131z.<\/p>\n<p>\u00c7al\u0131\u015fanlar\u0131m\u0131z\u0131n mali verilerini ise \u00e7al\u0131\u015fma ve sosyal g\u00fcvenlik mevzuat\u0131 gere\u011fi kaydetmekle y\u00fck\u00fcml\u00fcy\u00fcz.<\/p>\n<p>Tedarik\u00e7i, alt y\u00fcklenici ve benzeri i\u015f ili\u015fkisi i\u00e7erisinde bulundu\u011fumuz ki\u015filerin verilerini ticari gereklilik ve y\u00fck\u00fcml\u00fcl\u00fcklerimiz ile varsa s\u00f6zle\u015fmelerdeki y\u00fck\u00fcml\u00fcl\u00fcklerimizi yerine getirmek i\u00e7in toplamaktay\u0131z.<\/p>\n<ul>\n<li><strong>\u00d6zl\u00fck Verileri<\/strong><\/li>\n<\/ul>\n<p>Kanundan do\u011fan y\u00fck\u00fcml\u00fcl\u00fcklerimizi yerine getirmek ad\u0131na s\u00f6z konusu verileri toplamaktay\u0131z.<\/p>\n<ul>\n<li><strong>Di\u011fer Veriler<\/strong><\/li>\n<\/ul>\n<p>Ticari faaliyetlerimiz kapsam\u0131nda toplanan di\u011fer verilerdir.<\/p>\n<p>Gerek misafirlerimiz gerekse \u00fcyelerimizden mali verilerini tabi oldu\u011fumuz mevzuat gere\u011fi ve t\u00fcm konuklar\u0131m\u0131z\u0131n kusursuz bir hizmet almalar\u0131n\u0131 sa\u011flamak; g\u00fcvenli\u011fi sa\u011flamak; turizm ve otelcilik faaliyetlerimizi y\u00fcr\u00fctmek; reklam, pazarlama ve promosyonlarda kullanmak; etkinlik ve organizasyonlar\u0131 d\u00fczenlemek gibi ama\u00e7larla toplamaktay\u0131z.<\/p>\n<p>Tedarik\u00e7i, alt y\u00fcklenici ve benzeri i\u015f ili\u015fkisi i\u00e7erisinde bulundu\u011fumuz ki\u015filerin verilerini ticari gereklilik ve y\u00fck\u00fcml\u00fcl\u00fcklerimiz ile varsa s\u00f6zle\u015fmelerdeki y\u00fck\u00fcml\u00fcl\u00fcklerimizi yerine getirmek i\u00e7in toplamaktay\u0131z.<\/p>\n<p>A\u015fa\u011f\u0131da yer alan hallerin mevcudiyeti halinde ki\u015fisel verilerinizin i\u015flenmesi i\u00e7in a\u00e7\u0131k r\u0131zan\u0131z aranmayacakt\u0131r:<\/p>\n<ul>\n<li>\u0130lgili ki\u015finin temel hak ve \u00f6zg\u00fcrl\u00fcklerine zarar vermemek kayd\u0131yla, veri sorumlusunun me\u015fru menfaatleri i\u00e7in veri i\u015flenmesinin zorunlu olmas\u0131.<\/li>\n<li>Bir hakk\u0131n tesisi, kullan\u0131lmas\u0131 veya korunmas\u0131 i\u00e7in veri i\u015flemenin zorunlu olmas\u0131.<\/li>\n<li>\u0130lgili ki\u015finin kendisi taraf\u0131ndan alenile\u015ftirilmi\u015f olmas\u0131<\/li>\n<li>Veri sorumlusunun hukuki y\u00fck\u00fcml\u00fcl\u00fc\u011f\u00fcn\u00fc yerine getirebilmesi i\u00e7in zorunlu olmas\u0131<\/li>\n<li>Bir s\u00f6zle\u015fmenin kurulmas\u0131 veya ifas\u0131yla do\u011frudan do\u011fruya ilgili olmas\u0131 kayd\u0131yla, s\u00f6zle\u015fmenin taraflar\u0131na ait ki\u015fisel verilerin i\u015flenmesinin gerekli olmas\u0131<\/li>\n<li>Fiili imk\u00e2ns\u0131zl\u0131k nedeniyle r\u0131zas\u0131n\u0131 a\u00e7\u0131klayamayacak durumda bulunan veya r\u0131zas\u0131na hukuki ge\u00e7erlilik tan\u0131nmayan ki\u015finin kendisinin ya da bir ba\u015fkas\u0131n\u0131n hayat\u0131 veya beden b\u00fct\u00fcnl\u00fc\u011f\u00fcn\u00fcn korunmas\u0131 i\u00e7in zorunlu olmas\u0131<\/li>\n<li>Kanunlarda a\u00e7\u0131k\u00e7a \u00f6ng\u00f6r\u00fclmesi<\/li>\n<\/ul>\n<ol>\n<li><strong> Ki\u015e\u0130SEL VER\u0130LER\u0130N AKTARILMASI<\/strong><\/li>\n<\/ol>\n<p><strong>Yetkili Merciler:<\/strong><\/p>\n<p>\u00dclkemizdeki yasal d\u00fczenlemeler nedeniyle kimlik verisi, ileti\u015fim verisi ve yukar\u0131da say\u0131lan di\u011fer bir\u00e7ok ki\u015fisel veriyi mevzuatta a\u00e7\u0131k\u00e7a yetkili k\u0131l\u0131nm\u0131\u015f merciler ile d\u00f6nemsel olarak veya talepleri \u00fczerine kendileri ile payla\u015f\u0131r\u0131z.<\/p>\n<p>Ayr\u0131ca, bir mahkeme karar\u0131 veya kanunla a\u00e7\u0131k\u00e7a yetkili k\u0131l\u0131nm\u0131\u015f idari bir mercinin talebi ile ki\u015fisel verileriniz, yetkilendirilmi\u015f ki\u015fi veya kurumlar ile payla\u015f\u0131l\u0131r.<\/p>\n<p><strong>\u00dc\u00e7\u00fcnc\u00fc Ki\u015filer:<\/strong><\/p>\n<p>Ki\u015fisel verilerinizin payla\u015f\u0131ld\u0131\u011f\u0131 di\u011fer bir grup ise i\u015f birli\u011fi yapt\u0131\u011f\u0131m\u0131z \u00fc\u00e7\u00fcnc\u00fc ki\u015filerdir. Bunlar\u0131n ba\u015f\u0131nda\u00a0<strong>acenteler<\/strong>,\u00a0<strong>online otel rezervasyon servisleri<\/strong>\u00a0gibi ger\u00e7ek veya t\u00fczel ki\u015filer gelir.<\/p>\n<p>Ki\u015fisel verileriniz, kar\u015f\u0131lama, transfer vb. hizmet taleplerinizin kar\u015f\u0131lanmas\u0131 veya unutulan e\u015fyalar\u0131n\u0131z\u0131n taraf\u0131n\u0131za g\u00f6nderilmesi, faturalar\u0131n\u0131z\u0131n ula\u015ft\u0131r\u0131lmas\u0131 gibi ama\u00e7larla bizim ad\u0131m\u0131za bu hizmetleri yerine getiren ger\u00e7ek veya t\u00fczel ki\u015filer ile ilgili hizmetin yerine getirilmesi i\u00e7in gerekli oldu\u011fu \u00f6l\u00e7\u00fcde payla\u015f\u0131lmaktad\u0131r.<\/p>\n<p><strong>Ki\u015fisel Verilerinizi Yurt D\u0131\u015f\u0131na Aktar\u0131yor Muyuz?<\/strong><\/p>\n<p>Ki\u015fisel verileriniz yaln\u0131zca;<\/p>\n<ul>\n<li>A\u00e7\u0131k r\u0131zan\u0131z\u0131n bulundu\u011fu veya<\/li>\n<li>KVKK\u2019da \u00f6ng\u00f6r\u00fclen hallerin mevcut oldu\u011fu ve veri aktar\u0131lacak \u00fclkede yeterli koruman\u0131n bulundu\u011fu veya<\/li>\n<li>KVKK\u2019da \u00f6ng\u00f6r\u00fclen hallerin mevcut oldu\u011fu ve aktar\u0131lacak \u00fclkede yeterli koruman\u0131n bulunmamas\u0131na ra\u011fmen yeterli koruman\u0131n ilgili \u00fclke taraf\u0131ndan taahh\u00fct edildi\u011fi ve Ki\u015fisel Verileri Koruma Kurulu\u00a0<strong>(\u201cKurul\u201d)<\/strong>\u2019nun da izninin bulundu\u011fu<\/li>\n<\/ul>\n<p>hallerden birinin varl\u0131\u011f\u0131nda yurt d\u0131\u015f\u0131na aktar\u0131labilir.<\/p>\n<p><strong>\u00d6rne\u011fin;<\/strong>\u00a0hizmeti yurt d\u0131\u015f\u0131ndaki bir acente, online rezervasyon servisi vb. bir servis arac\u0131l\u0131\u011f\u0131yla alman\u0131z ya da taraf\u0131m\u0131za \u00f6demeyi yurt d\u0131\u015f\u0131ndaki bir \u00f6deme kurulu\u015fu arac\u0131l\u0131\u011f\u0131yla yapm\u0131\u015f olman\u0131z halinde size hizmet sunabilmemiz, yani s\u00f6zle\u015fmeyi ifa edebilmemiz i\u00e7in ki\u015fisel verilerinizi, i\u015fleme ama\u00e7lar\u0131yla s\u0131n\u0131rl\u0131 olarak r\u0131zan\u0131z\u0131 almaks\u0131z\u0131n yurt d\u0131\u015f\u0131na aktarabiliriz.<\/p>\n<p><strong>Ki\u015fisel Verileriniz Ne Kadar S\u00fcre Saklan\u0131r?<\/strong><\/p>\n<p>Ki\u015fisel verilerinize dair saklama s\u00fcreleri a\u015fa\u011f\u0131daki belirtilen kriterler uyar\u0131nca belirlenmektedir:<\/p>\n<ul>\n<li>Kanunda veya ilgili mevzuatta verinin saklanmas\u0131 i\u00e7in bir s\u00fcre belirlenmi\u015fse s\u00f6z konusu veri, en az bu s\u00fcre kadar saklanmak zorundad\u0131r. Mahkemelerden veya kanunla yetkili k\u0131l\u0131nm\u0131\u015f idari mercilerden gelebilecek taleplerin taraf\u0131m\u0131za ge\u00e7 ula\u015fmas\u0131 veya do\u011frudan taraf\u0131 olabilece\u011fimiz bir ihtilaf\u0131n meydana gelmesi ihtimallerine binaen, verilerinizin saklanmas\u0131 i\u00e7in mevzuatta \u00f6ng\u00f6r\u00fclen s\u00fcrelere 6 ay &#8211; 1 y\u0131l gibi bir s\u00fcre eklenerek verilerin saklama s\u00fcresi belirlenmekte ve belirlenen s\u00fcrenin sonunda s\u00f6z konusu veriler silinmektedir.<\/li>\n<li>Mevzuatta, i\u015fledi\u011fimiz verinin saklanma s\u00fcresine y\u00f6nelik bir s\u00fcre \u00f6ng\u00f6r\u00fclmemi\u015f ise aram\u0131zdaki ili\u015fkinin gere\u011fi olarak ve taraf\u0131n\u0131zla yap\u0131lan s\u00f6zle\u015fmede belirlenen s\u00fcre boyunca veriniz saklan\u0131r. Bu ili\u015fki sona erdikten sonra veya s\u00f6zle\u015fmede belirlenen s\u00fcre ge\u00e7tikten sonra veriniz herhangi bir talebinize gerek olmadan silinir.<\/li>\n<\/ul>\n<p>&nbsp;<\/p>\n<p>&nbsp;<\/p>\n<ol>\n<li><strong>K\u0130\u015e\u0130SEL VER\u0130 TOPLAMANIN Y\u00d6NTEM\u0130 VE HUKUK\u0130 SEBEB\u0130<\/strong><\/li>\n<\/ol>\n<p>Ki\u015fisel verileriniz, her t\u00fcrl\u00fc s\u00f6zl\u00fc, yaz\u0131l\u0131 ya da elektronik ortamda ve Ki\u015fisel Verilerin Korunmas\u0131 Kanunu\u2019nun 5. ve 6. Maddesinde yer alan i\u015fleme \u015fartlar\u0131na dayal\u0131 olarak\u00a0 yukar\u0131da yer verilen ama\u00e7lar do\u011frultusunda konaklama hizmetleri ve sat\u0131\u015f sonras\u0131 hizmetleri ba\u015fta olmak \u00fczere sundu\u011fumuz hizmetlerin belirlenen yasal \u00e7er\u00e7evede sunulabilmesi ve bu kapsamda Mercia Hotel &amp; Resorts\u2019un s\u00f6zle\u015fme ve yasadan do\u011fan mesuliyetlerini eksiksiz ve do\u011fru bir \u015fekilde yerine getirebilmesi gayesi ile edinilebilecektir.<\/p>\n<ol>\n<li><strong>K\u0130\u015e\u0130SEL VER\u0130LER\u0130N KORUNMASINA Y\u00d6NEL\u0130K HAKLARINIZ<\/strong><\/li>\n<\/ol>\n<p>\u0130\u015flenen ki\u015fisel verilerinize ili\u015fkin mevzuat uyar\u0131nca;<\/p>\n<ul>\n<li>Ki\u015fisel veri i\u015flenip i\u015flenmedi\u011fini \u00f6\u011frenme,<\/li>\n<li>Ki\u015fisel veri i\u015flenmi\u015fse buna ili\u015fkin bilgi talep etme,<\/li>\n<li>Ki\u015fisel verilerin i\u015flenme amac\u0131n\u0131 ve bunlar\u0131n amac\u0131na uygun kullan\u0131l\u0131p kullan\u0131lmad\u0131\u011f\u0131n\u0131 \u00f6\u011frenme,<\/li>\n<li>Yurt i\u00e7inde veya yurt d\u0131\u015f\u0131nda ki\u015fisel verilerin aktar\u0131ld\u0131\u011f\u0131 \u00fc\u00e7\u00fcnc\u00fc ki\u015fileri bilme,<\/li>\n<li>Ki\u015fisel verilerin eksik veya yanl\u0131\u015f i\u015flenmi\u015f olmas\u0131 h\u00e2linde bunlar\u0131n d\u00fczeltilmesini isteme,<\/li>\n<li>Ki\u015fisel verilerin silinmesini veya yok edilmesini isteme,<\/li>\n<li>Ki\u015fisel verilerin eksik veya yanl\u0131\u015f i\u015flenmi\u015f olmas\u0131 h\u00e2linde bunlar\u0131n d\u00fczeltilmesine ve\/veya ki\u015fisel verilerin silinmesine veya yok edilmesine ili\u015fkin i\u015flemlerin ki\u015fisel verilerin aktar\u0131ld\u0131\u011f\u0131 \u00fc\u00e7\u00fcnc\u00fc ki\u015filere bildirilmesini isteme,<\/li>\n<li>\u0130\u015flenen verilerin m\u00fcnhas\u0131ran otomatik sistemler vas\u0131tas\u0131yla analiz edilmesi suretiyle i\u015flenmesi halinde aleyhe bir sonucun ortaya \u00e7\u0131kmas\u0131 ihtimalinde itiraz etme,<\/li>\n<li>Ki\u015fisel verilerin kanuna ayk\u0131r\u0131 olarak i\u015flenmesi sebebiyle zarara u\u011fran\u0131lmas\u0131 h\u00e2linde zarar\u0131n giderilmesini talep etme haklar\u0131na sahipsiniz.<\/li>\n<\/ul>\n<ol>\n<li><strong> VER\u0130 G\u00dcVENL\u0130\u011e\u0130<\/strong><\/li>\n<\/ol>\n<p>Mercia Hotel &amp; Resorts ki\u015fisel verilerinizi, bilgi g\u00fcvenli\u011fi standartlar\u0131 ve prosed\u00fcrleri \u00e7er\u00e7evesinde, al\u0131nmas\u0131 gereken t\u00fcm teknik ve idari g\u00fcvenlik \u00f6nlemlerine tam uygunlukla korumaktad\u0131r. S\u00f6z konusu g\u00fcvenlik tedbirleri, teknolojik imk\u00e2nlar da g\u00f6z \u00f6n\u00fcnde bulundurularak muhtemel risklere uygun bir d\u00fczeyde sa\u011flanmaktad\u0131r.<\/p>\n<p>Kanun kapsam\u0131ndaki taleplerinizi ve ki\u015fisel verilerinizle ilgili her t\u00fcrl\u00fc sorunuzu yaz\u0131l\u0131 olarak veya kay\u0131tl\u0131 elektronik posta (KEP) adresi, g\u00fcvenli elektronik imza, mobil imza veya \u015eirketimize daha \u00f6nce bildirmi\u015f oldu\u011funuz ve \u015eirketimiz nezdinde kay\u0131tl\u0131 elektronik posta adresinizi kullanmak suretiyle web sitemizin \u201cBize Ula\u015f\u0131n\u201d b\u00f6l\u00fcm\u00fcnden iletebilir ya da ba\u015fvuru formunu doldurarak; Mercia Hotel &amp; Resorts\u2019a \u015fahsen ba\u015fvuru yapabilir, s\u00f6z konusu Yenimahalle, Yal\u0131 Cd. no :54, 34530 B\u00fcy\u00fck\u00e7ekmece\/\u0130stanbul -T\u00fcrkiye adresine (Noter vas\u0131tas\u0131yla veya iadeli taahh\u00fctl\u00fc posta yoluyla) \u0131slak imzal\u0131 olarak g\u00f6nderebilirsiniz.<\/p>\n<p>&nbsp;<\/p>\n<ol>\n<li><strong> \u00c7EREZ (Cookie) POL\u0130T\u0130KASI METN\u0130<\/strong><\/li>\n<\/ol>\n<p><strong>Bilgilendirme<\/strong><\/p>\n<p>Bir\u00e7ok web sitesi, teknik, i\u015flevsel, deneyim kalitesini artt\u0131rmak ve benzeri bir\u00e7ok sebepten \u201c\u00c7erez\u201d (Cookie) kullanmaktad\u0131r. A\u015fa\u011f\u0131da \u201c\u00e7erez\u201d (Cookie) kullan\u0131m\u0131m\u0131z, kullan\u0131c\u0131lar\u0131n bu \u00e7erezleri \u00e7e\u015fitli mecralarda nas\u0131l y\u00f6netebilece\u011fi a\u00e7\u0131klanmaktad\u0131r.<\/p>\n<p>Bu dok\u00fcmanda a\u00e7\u0131klanan bilgiler, Ki\u015fisel Verilerin Korunmas\u0131 Kanunu \u00e7er\u00e7evesinde sitemizden eri\u015filebilen Ayd\u0131nlatma ve A\u00e7\u0131k R\u0131za metni ile bir b\u00fct\u00fcn olarak de\u011ferlendirilmelidir.<\/p>\n<p>\u00c7erez (Cookie) Nedir?<\/p>\n<p>\u00c7erez (Cookie), herhangi bir \u0130nternet sitesi taraf\u0131ndan bilgisayara b\u0131rak\u0131lan bir t\u00fcr tan\u0131mlama dosyas\u0131d\u0131r. \u00c7erez dosyalar\u0131nda oturum bilgileri ve benzeri veriler saklan\u0131r. \u00c7erez kullanan bir site ziyaret edildi\u011finde bu site, eri\u015fimin yap\u0131ld\u0131\u011f\u0131 taray\u0131c\u0131ya sabit diske bir ya da daha fazla \u00e7erez b\u0131rakma konusunda talep g\u00f6nderebilir.<\/p>\n<p>\u00c7erezler, siteyi ziyaret eden ki\u015filere ait isim, ya\u015f, adres, cinsiyet gibi ki\u015fisel verileri bar\u0131nd\u0131rmazlar.<\/p>\n<p>\u00c7erezler hakk\u0131nda daha detayl\u0131 bilgi edinmek i\u00e7in l\u00fctfen www.aboutcookies.org ve www.allaboutcookies.org sitelerini ziyaret ediniz.<\/p>\n<p><strong>\u00c7erez (Cookie) Tipleri Nelerdir?<\/strong><\/p>\n<p>\u00c7erez\u2019ler, kullan\u0131m amac\u0131, s\u00fcreleri ve olu\u015fturanlar a\u00e7\u0131s\u0131ndan \u00e7e\u015fitli tiplere ayr\u0131l\u0131rlar.<\/p>\n<p>\u00c7erez\u2019i olu\u015fturan ve yerle\u015ftiren taraf\u0131n kim oldu\u011funa ba\u011fl\u0131 olarak web sitesi \u00e7erezleri ve \u00fc\u00e7\u00fcnc\u00fc taraf \u00e7erezleri kullan\u0131lmaktad\u0131r. \u00dc\u00e7\u00fcnc\u00fc taraf \u00e7erezleri, web sitesinin i\u015f ortaklar\u0131na, hizmet sa\u011flay\u0131c\u0131lar\u0131na ve i\u015f birlikteliklerine ba\u011fl\u0131 olarak farkl\u0131 \u015firketler taraf\u0131ndan y\u00f6netilebilmektedir.<\/p>\n<p>\u00c7erezin kullan\u0131mda kald\u0131\u011f\u0131 s\u00fcreye ba\u011fl\u0131 olarak session (oturum) \u00e7erezleri ve kal\u0131c\u0131 \u00e7erezler kullan\u0131labilmektedir. Oturum \u00e7erezleri, ziyaret\u00e7inin web sitesini ziyaret etmeyi b\u0131rakt\u0131\u011f\u0131 an silinmektedir. Kal\u0131c\u0131 \u00e7erezler ise \u00e7erezin kullan\u0131m amac\u0131na ba\u011fl\u0131 olarak belirlenmi\u015f s\u00fcrelerde ziyaret bitmi\u015f olsa bile kullan\u0131c\u0131n\u0131n ziyaret\u00e7inin cihaz\u0131nda kalmaktad\u0131r.<\/p>\n<p>\u00c7erezlerin kullan\u0131m amac\u0131na ba\u011fl\u0131 olarak web sitesinde reklam ve hedefleme \u00e7erezleri, deneyim ki\u015fiselle\u015ftirme \u00e7erezleri, do\u011frulama \u00e7erezleri, analiz\/analitik \u00e7erezler ve teknik \u00e7erezler kullan\u0131labilmektedir.<\/p>\n<p><strong>\u00c7erezler Neden Kullan\u0131l\u0131r?<\/strong><\/p>\n<p>Web sitesinde \u00e7erezler, a\u015fa\u011f\u0131daki ama\u00e7lar i\u00e7in kullan\u0131labilir.<\/p>\n<ul>\n<li>Ziyaret ve deneyim ki\u015fiselle\u015ftirme, hedefleme, do\u011fru ve amaca d\u00f6n\u00fck reklam ve tan\u0131t\u0131m faaliyetleri<\/li>\n<li>Web sitesi ve bile\u015fenlerinin i\u015flevlerinin do\u011fru, kolay ve daha verimli \u00e7al\u0131\u015fmas\u0131<\/li>\n<li>Web sitesini, kaynak kullan\u0131m\u0131, eri\u015fen bilgisi, ziyaret\u00e7i say\u0131s\u0131 ve platformlar\u0131n\u0131n tespiti gibi bilgileri analiz ederek performans\u0131 artt\u0131rmak ve kullan\u0131c\u0131 deneyimini iyile\u015ftirmek<\/li>\n<li>Web sitesinin \u00e7al\u0131\u015fmas\u0131 i\u00e7in gerekli olan i\u015flevleri yerine getirmek<\/li>\n<\/ul>\n<p>\u00c7erez Kullan\u0131m\u0131na Dair Ki\u015fisel Tercih Y\u00f6netimini Nas\u0131l Yapabilirsiniz?<\/p>\n<p>Web sitemizin \u00e7al\u0131\u015fmas\u0131 i\u00e7in gerekli olan baz\u0131 konularda \u00e7erez kullan\u0131m\u0131n\u0131 tercihe ba\u011fl\u0131 olarak devre d\u0131\u015f\u0131 b\u0131rakmak, web sitesinin do\u011fru \u00e7al\u0131\u015fmas\u0131na engel olabilmektedir. Bu tip \u00e7erezler ile ilgili terchilerinizi de\u011fi\u015ftirdi\u011finizde web sitemizden edinece\u011finiz bilgi ve ziyaret deneyiminizin aksamaya u\u011framayaca\u011f\u0131n\u0131 garanti edemeyiz.<\/p>\n<p>&nbsp;<\/p>\n<p><strong>\u00c7erezlerin Kullan\u0131m\u0131n\u0131 Nas\u0131l Kontrol Edebilirim?<\/strong><\/p>\n<p>Taray\u0131c\u0131n\u0131z\u0131n ayarlar\u0131n\u0131 de\u011fi\u015ftirerek \u00e7erezlere ili\u015fkin tercihlerinizi ki\u015fiselle\u015ftirme imkan\u0131na sahipsiniz.<\/p>\n<p><strong>Google Chrome :<\/strong> <a href=\"http:\/\/www.google.com\/support\/chrome\/bin\/answer.py?hl=en&amp;answer=95647\">http:\/\/www.google.com\/support\/chrome\/bin\/answer.py?hl=en&amp;answer=95647<\/a><\/p>\n<p><strong>\u0130nternet Explorer :<\/strong> <a href=\"https:\/\/support.microsoft.com\/en-us\/help\/17442\/windows-internet-explorer-delete-manage-cookies\">https:\/\/support.microsoft.com\/en-us\/help\/17442\/windows-internet-explorer-delete-manage-cookies<\/a><\/p>\n<p><strong>MozillaFirefox :<\/strong> <a href=\"http:\/\/support.mozilla.com\/en-US\/kb\/Cookies\">http:\/\/support.mozilla.com\/en-US\/kb\/Cookies<\/a><\/p>\n<p><strong>Opera :<\/strong> <a href=\"http:\/\/www.opera.com\/browser\/tutorials\/security\/privacy\">http:\/\/www.opera.com\/browser\/tutorials\/security\/privacy<\/a><\/p>\n<p><strong>Safari :<\/strong> <a href=\"https:\/\/support.apple.com\/kb\/ph19214?locale=tr_TR\">https:\/\/support.apple.com\/kb\/ph19214?locale=tr_TR<\/a><\/p>\n","protected":false},"excerpt":{"rendered":"<p>AYDINLATMA METN\u0130 A.GENEL OLARAK MAS Otel \u0130\u015fletmecili\u011fi Tur. \u0130n\u015f. San. Ve Tic. Ltd.\u015eti. (\u201cMercia Hotel &amp; Resorts\u2019\u2019) olarak ki\u015fisel verilerinizin g\u00fcvenli\u011fi hususuna azami hassasiyet g\u00f6stermekteyiz. Bu bilin\u00e7le, \u00fcr\u00fcn ve hizmetlerimizden faydalanan ki\u015filer d\u00e2hil, Mercia Hotel &amp; Resorts ile ili\u015fkili t\u00fcm \u015fah\u0131slara ait her t\u00fcrl\u00fc ki\u015fisel verinin m\u00fcmk\u00fcn olabilen en iyi \u015fekilde ve \u00f6zenle i\u015flenerek muhafaza edilmesine b\u00fcy\u00fck \u00f6nem atfetmekteyiz. Bu sorumlulu\u011fumuzun tam idraki ile 6698 say\u0131l\u0131 Ki\u015fisel Verilerin Korunmas\u0131 Kanunu (\u201cKanun\u201d) ve ilgili mevzuat kapsam\u0131nda Veri Sorumlusu s\u0131fat\u0131yla, ki\u015fisel verilerinizi a\u015fa\u011f\u0131da izah edildi\u011fi surette ve mevzuat taraf\u0131ndan emredilen s\u0131n\u0131rlar \u00e7er\u00e7evesinde i\u015flemekteyiz. B.VER\u0130 SORUMLUSUNUN K\u0130ML\u0130\u011e\u0130 Ki\u015fisel Verilerin Korunmas\u0131 Kanunu\u2019nun 3\u2019\u00fcnc\u00fc maddesinin 1\u2019inci f\u0131kras\u0131n\u0131n (\u0131) bendinde veri sorumlusu, \u2018Ki\u015fisel verilerin i\u015fleme ama\u00e7lar\u0131n\u0131 ve vas\u0131talar\u0131n\u0131 belirleyen, veri kay\u0131t sisteminin kurulmas\u0131ndan ve y\u00f6netilmesinden sorumlu olan ger\u00e7ek veya t\u00fczel ki\u015filer\u2019 olarak tan\u0131mlanm\u0131\u015ft\u0131r. Bu \u00e7er\u00e7evede veri sorumlusu \u201c\u015firketimiz\u201d olarak bulunmaktad\u0131r. C.K\u0130\u015e\u0130SEL VER\u0130LER\u0130N TOPLANMASI, \u0130\u015eLENMES\u0130 VE \u0130\u015eLEME AMA\u00c7LARI Ki\u015fisel verileriniz, Mercia Hotel &amp; Resorts taraf\u0131ndan verilen hizmet, [&#8230;]<\/p>\n<div class=\"clearfix\"><a class=\"post-readmore\" href=\"http:\/\/www.merciahotel.com\/MerciaHotel\/?page_id=751\"><\/a><\/div>\n","protected":false},"author":1,"featured_media":0,"parent":0,"menu_order":0,"comment_status":"closed","ping_status":"closed","template":"","meta":[],"_links":{"self":[{"href":"http:\/\/www.merciahotel.com\/MerciaHotel\/index.php?rest_route=\/wp\/v2\/pages\/751"}],"collection":[{"href":"http:\/\/www.merciahotel.com\/MerciaHotel\/index.php?rest_route=\/wp\/v2\/pages"}],"about":[{"href":"http:\/\/www.merciahotel.com\/MerciaHotel\/index.php?rest_route=\/wp\/v2\/types\/page"}],"author":[{"embeddable":true,"href":"http:\/\/www.merciahotel.com\/MerciaHotel\/index.php?rest_route=\/wp\/v2\/users\/1"}],"replies":[{"embeddable":true,"href":"http:\/\/www.merciahotel.com\/MerciaHotel\/index.php?rest_route=%2Fwp%2Fv2%2Fcomments&post=751"}],"version-history":[{"count":1,"href":"http:\/\/www.merciahotel.com\/MerciaHotel\/index.php?rest_route=\/wp\/v2\/pages\/751\/revisions"}],"predecessor-version":[{"id":773,"href":"http:\/\/www.merciahotel.com\/MerciaHotel\/index.php?rest_route=\/wp\/v2\/pages\/751\/revisions\/773"}],"wp:attachment":[{"href":"http:\/\/www.merciahotel.com\/MerciaHotel\/index.php?rest_route=%2Fwp%2Fv2%2Fmedia&parent=751"}],"curies":[{"name":"wp","href":"https:\/\/api.w.org\/{rel}","templated":true}]}}