{"id":451,"date":"2015-05-21T17:23:55","date_gmt":"2015-05-21T14:23:55","guid":{"rendered":"http:\/\/www.merciahotel.com\/MerciaHotel\/?page_id=451"},"modified":"2021-10-18T14:24:07","modified_gmt":"2021-10-18T11:24:07","slug":"toplanti-seminerler","status":"publish","type":"page","link":"http:\/\/www.merciahotel.com\/MerciaHotel\/?page_id=451","title":{"rendered":"Toplant\u0131 &#038; Seminerler"},"content":{"rendered":"<blockquote><p>Toplant\u0131 &amp; Seminerler<\/p><\/blockquote>\n<p>Toplant\u0131, konferans, tak\u0131m \u00e7al\u0131\u015fmas\u0131, kurumsal etkinlik, \u00fcr\u00fcn lansman\u0131, workshop ve \u015firket i\u00e7i e\u011fitim gibi etkinliklerinizde 100 ki\u015fi kapasiteli toplant\u0131 salonumuzu kullanabilir, g\u00fcn\u00fcn\u00fcz\u00fc ba\u015far\u0131 ve konfor e\u015fli\u011finde ge\u00e7irebilirsiniz.<\/p>\n<p><a href=\"http:\/\/www.merciahotel.com\/MerciaHotel\/wp-content\/uploads\/IMG_5844.jpg\" rel=\"lightbox[451]\"><img loading=\"lazy\" class=\"alignleft wp-image-574 size-medium\" src=\"http:\/\/www.merciahotel.com\/MerciaHotel\/wp-content\/uploads\/IMG_5844-300x200.jpg\" alt=\"IMG_5844\" width=\"300\" height=\"200\" srcset=\"http:\/\/www.merciahotel.com\/MerciaHotel\/wp-content\/uploads\/IMG_5844-300x200.jpg 300w, http:\/\/www.merciahotel.com\/MerciaHotel\/wp-content\/uploads\/IMG_5844-315x210.jpg 315w, http:\/\/www.merciahotel.com\/MerciaHotel\/wp-content\/uploads\/IMG_5844.jpg 800w\" sizes=\"(max-width: 300px) 100vw, 300px\" \/><\/a> <a href=\"http:\/\/www.merciahotel.com\/MerciaHotel\/wp-content\/uploads\/IMG_5852.jpg\" rel=\"lightbox[451]\"><img loading=\"lazy\" class=\"alignleft wp-image-575 size-medium\" src=\"http:\/\/www.merciahotel.com\/MerciaHotel\/wp-content\/uploads\/IMG_5852-300x200.jpg\" alt=\"IMG_5852\" width=\"300\" height=\"200\" srcset=\"http:\/\/www.merciahotel.com\/MerciaHotel\/wp-content\/uploads\/IMG_5852-300x200.jpg 300w, http:\/\/www.merciahotel.com\/MerciaHotel\/wp-content\/uploads\/IMG_5852-315x210.jpg 315w, http:\/\/www.merciahotel.com\/MerciaHotel\/wp-content\/uploads\/IMG_5852.jpg 800w\" sizes=\"(max-width: 300px) 100vw, 300px\" \/><\/a> <a href=\"http:\/\/www.merciahotel.com\/MerciaHotel\/wp-content\/uploads\/IMG_5853.jpg\" rel=\"lightbox[451]\"><img loading=\"lazy\" class=\"alignleft wp-image-576 size-medium\" src=\"http:\/\/www.merciahotel.com\/MerciaHotel\/wp-content\/uploads\/IMG_5853-300x200.jpg\" alt=\"IMG_5853\" width=\"300\" height=\"200\" srcset=\"http:\/\/www.merciahotel.com\/MerciaHotel\/wp-content\/uploads\/IMG_5853-300x200.jpg 300w, http:\/\/www.merciahotel.com\/MerciaHotel\/wp-content\/uploads\/IMG_5853-315x210.jpg 315w, http:\/\/www.merciahotel.com\/MerciaHotel\/wp-content\/uploads\/IMG_5853.jpg 800w\" sizes=\"(max-width: 300px) 100vw, 300px\" \/><\/a> <a href=\"http:\/\/www.merciahotel.com\/MerciaHotel\/wp-content\/uploads\/IMG_5857.jpg\" rel=\"lightbox[451]\"><img loading=\"lazy\" class=\"alignleft wp-image-577 size-medium\" src=\"http:\/\/www.merciahotel.com\/MerciaHotel\/wp-content\/uploads\/IMG_5857-300x200.jpg\" alt=\"IMG_5857\" width=\"300\" height=\"200\" srcset=\"http:\/\/www.merciahotel.com\/MerciaHotel\/wp-content\/uploads\/IMG_5857-300x200.jpg 300w, http:\/\/www.merciahotel.com\/MerciaHotel\/wp-content\/uploads\/IMG_5857-315x210.jpg 315w, http:\/\/www.merciahotel.com\/MerciaHotel\/wp-content\/uploads\/IMG_5857.jpg 800w\" sizes=\"(max-width: 300px) 100vw, 300px\" \/><\/a> <a href=\"http:\/\/www.merciahotel.com\/MerciaHotel\/wp-content\/uploads\/IMG_5861.jpg\" rel=\"lightbox[451]\"><img loading=\"lazy\" class=\"alignleft wp-image-578 size-medium\" src=\"http:\/\/www.merciahotel.com\/MerciaHotel\/wp-content\/uploads\/IMG_5861-300x200.jpg\" alt=\"IMG_5861\" width=\"300\" height=\"200\" srcset=\"http:\/\/www.merciahotel.com\/MerciaHotel\/wp-content\/uploads\/IMG_5861-300x200.jpg 300w, http:\/\/www.merciahotel.com\/MerciaHotel\/wp-content\/uploads\/IMG_5861-315x210.jpg 315w, http:\/\/www.merciahotel.com\/MerciaHotel\/wp-content\/uploads\/IMG_5861.jpg 800w\" sizes=\"(max-width: 300px) 100vw, 300px\" \/><\/a> <a href=\"http:\/\/www.merciahotel.com\/MerciaHotel\/wp-content\/uploads\/IMG_5869.jpg\" rel=\"lightbox[451]\"><img loading=\"lazy\" class=\"alignleft wp-image-579 size-medium\" src=\"http:\/\/www.merciahotel.com\/MerciaHotel\/wp-content\/uploads\/IMG_5869-300x200.jpg\" alt=\"IMG_5869\" width=\"300\" height=\"200\" srcset=\"http:\/\/www.merciahotel.com\/MerciaHotel\/wp-content\/uploads\/IMG_5869-300x200.jpg 300w, http:\/\/www.merciahotel.com\/MerciaHotel\/wp-content\/uploads\/IMG_5869-315x210.jpg 315w, http:\/\/www.merciahotel.com\/MerciaHotel\/wp-content\/uploads\/IMG_5869.jpg 800w\" sizes=\"(max-width: 300px) 100vw, 300px\" \/><\/a><\/p>\n","protected":false},"excerpt":{"rendered":"<p>Toplant\u0131 &amp; Seminerler Toplant\u0131, konferans, tak\u0131m \u00e7al\u0131\u015fmas\u0131, kurumsal etkinlik, \u00fcr\u00fcn lansman\u0131, workshop ve \u015firket i\u00e7i e\u011fitim gibi etkinliklerinizde 100 ki\u015fi kapasiteli toplant\u0131 salonumuzu kullanabilir, g\u00fcn\u00fcn\u00fcz\u00fc ba\u015far\u0131 ve konfor e\u015fli\u011finde ge\u00e7irebilirsiniz.<\/p>\n","protected":false},"author":1,"featured_media":0,"parent":0,"menu_order":0,"comment_status":"closed","ping_status":"open","template":"","meta":[],"_links":{"self":[{"href":"http:\/\/www.merciahotel.com\/MerciaHotel\/index.php?rest_route=\/wp\/v2\/pages\/451"}],"collection":[{"href":"http:\/\/www.merciahotel.com\/MerciaHotel\/index.php?rest_route=\/wp\/v2\/pages"}],"about":[{"href":"http:\/\/www.merciahotel.com\/MerciaHotel\/index.php?rest_route=\/wp\/v2\/types\/page"}],"author":[{"embeddable":true,"href":"http:\/\/www.merciahotel.com\/MerciaHotel\/index.php?rest_route=\/wp\/v2\/users\/1"}],"replies":[{"embeddable":true,"href":"http:\/\/www.merciahotel.com\/MerciaHotel\/index.php?rest_route=%2Fwp%2Fv2%2Fcomments&post=451"}],"version-history":[{"count":4,"href":"http:\/\/www.merciahotel.com\/MerciaHotel\/index.php?rest_route=\/wp\/v2\/pages\/451\/revisions"}],"predecessor-version":[{"id":608,"href":"http:\/\/www.merciahotel.com\/MerciaHotel\/index.php?rest_route=\/wp\/v2\/pages\/451\/revisions\/608"}],"wp:attachment":[{"href":"http:\/\/www.merciahotel.com\/MerciaHotel\/index.php?rest_route=%2Fwp%2Fv2%2Fmedia&parent=451"}],"curies":[{"name":"wp","href":"https:\/\/api.w.org\/{rel}","templated":true}]}}