{"id":443,"date":"2015-05-21T17:21:48","date_gmt":"2015-05-21T14:21:48","guid":{"rendered":"http:\/\/www.merciahotel.com\/MerciaHotel\/?page_id=443"},"modified":"2021-10-18T14:24:07","modified_gmt":"2021-10-18T11:24:07","slug":"yeme-icme","status":"publish","type":"page","link":"http:\/\/www.merciahotel.com\/MerciaHotel\/?page_id=443","title":{"rendered":"Yeme &#038; \u0130\u00e7me"},"content":{"rendered":"<div class=\"entry-content\">\n<blockquote><p>Terrace Cafe &amp; Bar &amp; Restaurant<\/p><\/blockquote>\n<p>Kumburgaz\u2019\u0131n incecik kumu ile \u00fcnl\u00fc kumsal\u0131 ve Marmara Denizi sizi g\u00fczel manzaras\u0131yla dinlendirecek, siz o s\u0131rada 200 ki\u015filik Terrace Restoran\u2019\u0131m\u0131z\u0131n lezzetleri aras\u0131ndan \u00f6\u011flen ya da ak\u015fam yeme\u011fi sipari\u015flerinizi veriyor olacaks\u0131n\u0131z\u2026 \u0130\u015f toplant\u0131lar\u0131n\u0131za ya da tatil g\u00fcnlerinize keyif dolu saatler e\u015flik edecek.<\/p>\n<p>T\u00fcrk ve D\u00fcnya mutfa\u011f\u0131n\u0131n \u00f6zel yemeklerini tadaca\u011f\u0131n\u0131z Mercia Restoran\u2019da sevdiklerinizle beraber g\u00fczel bir manzara e\u015fli\u011finde ge\u00e7irdi\u011finiz ilk ak\u015famdan sonra sizin de al\u0131\u015fkanl\u0131klar\u0131n\u0131za bir yenisi eklenecek.<\/p>\n<p><a href=\"http:\/\/www.merciahotel.com\/MerciaHotel\/wp-content\/uploads\/IMG_5685.jpg\" rel=\"lightbox[443]\"><img loading=\"lazy\" class=\" size-medium wp-image-587 alignleft\" src=\"http:\/\/www.merciahotel.com\/MerciaHotel\/wp-content\/uploads\/IMG_5685-300x200.jpg\" alt=\"IMG_5685\" width=\"300\" height=\"200\" srcset=\"http:\/\/www.merciahotel.com\/MerciaHotel\/wp-content\/uploads\/IMG_5685-300x200.jpg 300w, http:\/\/www.merciahotel.com\/MerciaHotel\/wp-content\/uploads\/IMG_5685-315x210.jpg 315w, http:\/\/www.merciahotel.com\/MerciaHotel\/wp-content\/uploads\/IMG_5685.jpg 800w\" sizes=\"(max-width: 300px) 100vw, 300px\" \/><\/a> <a href=\"http:\/\/www.merciahotel.com\/MerciaHotel\/wp-content\/uploads\/IMG_5916.jpg\" rel=\"lightbox[443]\"><img loading=\"lazy\" class=\" size-medium wp-image-588 alignleft\" src=\"http:\/\/www.merciahotel.com\/MerciaHotel\/wp-content\/uploads\/IMG_5916-300x200.jpg\" alt=\"IMG_5916\" width=\"300\" height=\"200\" srcset=\"http:\/\/www.merciahotel.com\/MerciaHotel\/wp-content\/uploads\/IMG_5916-300x200.jpg 300w, http:\/\/www.merciahotel.com\/MerciaHotel\/wp-content\/uploads\/IMG_5916-315x210.jpg 315w, http:\/\/www.merciahotel.com\/MerciaHotel\/wp-content\/uploads\/IMG_5916.jpg 800w\" sizes=\"(max-width: 300px) 100vw, 300px\" \/><\/a> <a href=\"http:\/\/www.merciahotel.com\/MerciaHotel\/wp-content\/uploads\/IMG_5918.jpg\" rel=\"lightbox[443]\"><img loading=\"lazy\" class=\" size-medium wp-image-589 alignleft\" src=\"http:\/\/www.merciahotel.com\/MerciaHotel\/wp-content\/uploads\/IMG_5918-300x200.jpg\" alt=\"IMG_5918\" width=\"300\" height=\"200\" srcset=\"http:\/\/www.merciahotel.com\/MerciaHotel\/wp-content\/uploads\/IMG_5918-300x200.jpg 300w, http:\/\/www.merciahotel.com\/MerciaHotel\/wp-content\/uploads\/IMG_5918-315x210.jpg 315w, http:\/\/www.merciahotel.com\/MerciaHotel\/wp-content\/uploads\/IMG_5918.jpg 800w\" sizes=\"(max-width: 300px) 100vw, 300px\" \/><\/a> <a href=\"http:\/\/www.merciahotel.com\/MerciaHotel\/wp-content\/uploads\/IMG_5919.jpg\" rel=\"lightbox[443]\"><img loading=\"lazy\" class=\" size-medium wp-image-590 alignleft\" src=\"http:\/\/www.merciahotel.com\/MerciaHotel\/wp-content\/uploads\/IMG_5919-300x200.jpg\" alt=\"IMG_5919\" width=\"300\" height=\"200\" srcset=\"http:\/\/www.merciahotel.com\/MerciaHotel\/wp-content\/uploads\/IMG_5919-300x200.jpg 300w, http:\/\/www.merciahotel.com\/MerciaHotel\/wp-content\/uploads\/IMG_5919-315x210.jpg 315w, http:\/\/www.merciahotel.com\/MerciaHotel\/wp-content\/uploads\/IMG_5919.jpg 800w\" sizes=\"(max-width: 300px) 100vw, 300px\" \/><\/a> <a href=\"http:\/\/www.merciahotel.com\/MerciaHotel\/wp-content\/uploads\/IMG_6511.jpg\" rel=\"lightbox[443]\"><img loading=\"lazy\" class=\" size-medium wp-image-591 alignleft\" src=\"http:\/\/www.merciahotel.com\/MerciaHotel\/wp-content\/uploads\/IMG_6511-300x200.jpg\" alt=\"IMG_6511\" width=\"300\" height=\"200\" srcset=\"http:\/\/www.merciahotel.com\/MerciaHotel\/wp-content\/uploads\/IMG_6511-300x200.jpg 300w, http:\/\/www.merciahotel.com\/MerciaHotel\/wp-content\/uploads\/IMG_6511-315x210.jpg 315w, http:\/\/www.merciahotel.com\/MerciaHotel\/wp-content\/uploads\/IMG_6511.jpg 800w\" sizes=\"(max-width: 300px) 100vw, 300px\" \/><\/a> <a href=\"http:\/\/www.merciahotel.com\/MerciaHotel\/wp-content\/uploads\/IMG_6514.jpg\" rel=\"lightbox[443]\"><img loading=\"lazy\" class=\" size-medium wp-image-592 alignleft\" src=\"http:\/\/www.merciahotel.com\/MerciaHotel\/wp-content\/uploads\/IMG_6514-300x200.jpg\" alt=\"IMG_6514\" width=\"300\" height=\"200\" srcset=\"http:\/\/www.merciahotel.com\/MerciaHotel\/wp-content\/uploads\/IMG_6514-300x200.jpg 300w, http:\/\/www.merciahotel.com\/MerciaHotel\/wp-content\/uploads\/IMG_6514-315x210.jpg 315w, http:\/\/www.merciahotel.com\/MerciaHotel\/wp-content\/uploads\/IMG_6514.jpg 800w\" sizes=\"(max-width: 300px) 100vw, 300px\" \/><\/a><\/p>\n<\/div>\n","protected":false},"excerpt":{"rendered":"<p>Terrace Cafe &amp; Bar &amp; Restaurant Kumburgaz\u2019\u0131n incecik kumu ile \u00fcnl\u00fc kumsal\u0131 ve Marmara Denizi sizi g\u00fczel manzaras\u0131yla dinlendirecek, siz o s\u0131rada 200 ki\u015filik Terrace Restoran\u2019\u0131m\u0131z\u0131n lezzetleri aras\u0131ndan \u00f6\u011flen ya da ak\u015fam yeme\u011fi sipari\u015flerinizi veriyor olacaks\u0131n\u0131z\u2026 \u0130\u015f toplant\u0131lar\u0131n\u0131za ya da tatil g\u00fcnlerinize keyif dolu saatler e\u015flik edecek. T\u00fcrk ve D\u00fcnya mutfa\u011f\u0131n\u0131n \u00f6zel yemeklerini tadaca\u011f\u0131n\u0131z Mercia Restoran\u2019da sevdiklerinizle beraber g\u00fczel bir manzara e\u015fli\u011finde ge\u00e7irdi\u011finiz ilk ak\u015famdan sonra sizin de al\u0131\u015fkanl\u0131klar\u0131n\u0131za bir yenisi eklenecek.<\/p>\n","protected":false},"author":1,"featured_media":0,"parent":0,"menu_order":0,"comment_status":"closed","ping_status":"open","template":"","meta":[],"_links":{"self":[{"href":"http:\/\/www.merciahotel.com\/MerciaHotel\/index.php?rest_route=\/wp\/v2\/pages\/443"}],"collection":[{"href":"http:\/\/www.merciahotel.com\/MerciaHotel\/index.php?rest_route=\/wp\/v2\/pages"}],"about":[{"href":"http:\/\/www.merciahotel.com\/MerciaHotel\/index.php?rest_route=\/wp\/v2\/types\/page"}],"author":[{"embeddable":true,"href":"http:\/\/www.merciahotel.com\/MerciaHotel\/index.php?rest_route=\/wp\/v2\/users\/1"}],"replies":[{"embeddable":true,"href":"http:\/\/www.merciahotel.com\/MerciaHotel\/index.php?rest_route=%2Fwp%2Fv2%2Fcomments&post=443"}],"version-history":[{"count":2,"href":"http:\/\/www.merciahotel.com\/MerciaHotel\/index.php?rest_route=\/wp\/v2\/pages\/443\/revisions"}],"predecessor-version":[{"id":593,"href":"http:\/\/www.merciahotel.com\/MerciaHotel\/index.php?rest_route=\/wp\/v2\/pages\/443\/revisions\/593"}],"wp:attachment":[{"href":"http:\/\/www.merciahotel.com\/MerciaHotel\/index.php?rest_route=%2Fwp%2Fv2%2Fmedia&parent=443"}],"curies":[{"name":"wp","href":"https:\/\/api.w.org\/{rel}","templated":true}]}}