{"id":196,"date":"2014-01-17T09:08:24","date_gmt":"2014-01-17T07:08:24","guid":{"rendered":"http:\/\/www.merciahotel.com\/MerciaHotel\/?page_id=196"},"modified":"2023-12-27T15:23:20","modified_gmt":"2023-12-27T12:23:20","slug":"hakkimizda","status":"publish","type":"page","link":"http:\/\/www.merciahotel.com\/MerciaHotel\/?page_id=196","title":{"rendered":"Hakk\u0131m\u0131zda"},"content":{"rendered":"<p>\u00dclkemizde her y\u0131l gittik\u00e7e b\u00fcy\u00fcyen turizm gelirlerinden pay alman\u0131n gereklili\u011fine inanan \u00a0K\u0131z\u0131lkaplan \u015eirketler Grubu bu maksatla MAS Otel \u0130\u015fletmecili\u011fi Turizm \u0130n\u015faat San. Tic. Ltd. \u015eti.\u2019ni 2010 y\u0131l\u0131nda kurmu\u015f olup \u00f6zellikle \u015fehir otelcili\u011fi alan\u0131nda \u00e7al\u0131\u015fmalar\u0131na ba\u015flam\u0131\u015ft\u0131r. Bu kapsamda \u0130stanbul Kumburgaz\u2019da bir otel sat\u0131n al\u0131narak in\u015faat\u0131 yeniden projelendirilmi\u015f ve T.C. K\u00fclt\u00fcr ve Turizm Bakanl\u0131\u011f\u0131\u2019ndan 2013 y\u0131l\u0131na kadar s\u00fcreli Yat\u0131r\u0131m Te\u015fvik Belgesi al\u0131narak in\u015faata ba\u015flanm\u0131\u015ft\u0131r. 89 oda 178 yatak kapasiteli\u00a0 otelin in\u015faat\u0131 grup \u015firketimizden MSK Grup Yat\u0131r\u0131m taraf\u0131ndan zaman\u0131ndan \u00f6nce tamamlanm\u0131\u015f; 2012 Nisan\u2019\u0131nda a\u00e7\u0131lan Mercia Hotel &amp; Resorts y\u0131lsonuna do\u011fru ismini ve markas\u0131n\u0131 tescil ettirmi\u015ftir.<\/p>\n<p>Kumburgaz \/ B\u00fcy\u00fck\u00e7ekmece b\u00f6lgesinde gittik\u00e7e artan \u201cBusiness Hotel\u201d konseptine uygun olan ihtiya\u00e7tan yola \u00e7\u0131k\u0131larak ba\u015flayan yat\u0131r\u0131m karar\u0131m\u0131z\u0131n do\u011frulu\u011fu gittik\u00e7e artan doluluk oranlar\u0131yla sabit olup sundu\u011fumuz g\u00fcler y\u00fczl\u00fc hizmetin kalitesi gelen misafirlerimizin otelimizi tekrar tekrar tercih etmesinden de kolayl\u0131kla anla\u015f\u0131labilir.<\/p>\n<p>B\u00fcnyesinde toplant\u0131 salonlar\u0131, SPA, A\u00e7\u0131k Y\u00fczme Havuzu ve Fitness Merkezinin yan\u0131 s\u0131ra 2 adet restoran ve 2 adet bar\u0131 da bulunmaktad\u0131r.<\/p>\n<p>Sizler i\u00e7in \u00d6zel haz\u0131rlanan standart odalar\u0131m\u0131zda ve suitlerimizde dinlenirken g\u00fcn\u00fcn yorgunlu\u011funu havuzda ya da SPA\u2019m\u0131zda atabilirsiniz.<\/p>\n<p>-Tuyap Fuar Merkezi\u2019ne 13 km. mesafedeki 4 y\u0131ld\u0131zl\u0131 Mercia Hotels &amp; Resorts, SPA Merkezi ve a\u00e7\u0131k y\u00fczme havuzu konuklar\u0131n hizmetindedir.<\/p>\n<p>-Mercia Hotels &amp; Resorts\u2019\u00fcn odalar\u0131nda modern mobilyalar mevcuttur. \u00a0T\u00fcm odalar\u0131m\u0131z du\u015f ve sa\u00e7 kurutma makineli \u00f6zel banyo standartt\u0131r. T\u00fcm suitlerde k\u00fcvet bulunmaktad\u0131r.<\/p>\n<p>-Her g\u00fcn zengin a\u00e7\u0131k b\u00fcfe kahvalt\u0131 servis edilmektedir.\u00a0Alakart restaurant\u0131m\u0131zda T\u00fcrk ve D\u00fcnya mutfaklar\u0131yla hizmet vermektedir. Barlarda serinletici i\u00e7ecekler servis edilmektedir.<\/p>\n<p>-Tesiste uydu TV ve mini barla donat\u0131lm\u0131\u015f klimal\u0131 odalar bulunmaktad\u0131r.<\/p>\n<p>-Odalar\u0131m\u0131zda \u00fccretsiz olarak elektrikli su \u0131s\u0131t\u0131c\u0131s\u0131 ile \u00e7ay ve kahve set-up bulunmaktad\u0131r. Tesis genelinde WiFi eri\u015fimi \u00fccretsizdir.<\/p>\n<p>-Spa tesislerinde T\u00fcrk hamam\u0131, sauna ve fitness salonu vard\u0131r; masaj hizmetleri de sa\u011flanabilir.<\/p>\n<p>-Tesis b\u00fcnyesinde \u00f6zel otopark da mevcuttur.<\/p>\n<p>-Tesiste sunulan imk\u00e2nlar aras\u0131nda toplant\u0131 olanaklar\u0131, bagaj muhafazas\u0131 ve \u00e7ama\u015f\u0131rhane ve kuru temizleme hizmetleri say\u0131labilir.<\/p>\n<p>-Tesis, Atat\u00fcrk Havaliman\u0131&#8217;na 30 km. , en yak\u0131n AVM Atirus\u00a0 9 km. mesafededir.<\/p>\n<p>&nbsp;<\/p>\n<p><strong>Odalar<\/strong><\/p>\n<ul>\n<li>Merkezi Klima<\/li>\n<li>\u00c7ay ve kahve Sey-up ( kettle ile )<\/li>\n<li>Minibar<\/li>\n<li>Telefon<\/li>\n<li>Uydu TV<\/li>\n<li>Sa\u00e7 kurutma makinas\u0131<\/li>\n<li>Safe Box<\/li>\n<li>W\u0130F\u0130<\/li>\n<\/ul>\n<p><strong>A\u00e7\u0131k Hava<\/strong><\/p>\n<ul>\n<li>A\u00e7\u0131k y\u00fczme havuzu<\/li>\n<li>Bah\u00e7e<\/li>\n<li>Teras<\/li>\n<\/ul>\n<p><strong>Etkinlikler<\/strong><\/p>\n<ul>\n<li>Sauna<\/li>\n<li>Fitness merkezi<\/li>\n<li>Masaj<\/li>\n<li>T\u00fcrk hamam\u0131<\/li>\n<\/ul>\n<p><strong>Yiyecek &amp; \u0130\u00e7ecek<\/strong><\/p>\n<ul>\n<li>Restoran<\/li>\n<li>Bar<\/li>\n<li>\u00d6zel diyet men\u00fcleri (iste\u011fe tabi)<\/li>\n<\/ul>\n<p><strong>\u0130nternet<\/strong><\/p>\n<ul>\n<li><strong>\u00dccretsiz!<\/strong>Wi-fi odalarda ve ortak alanlarda mevcuttur ve \u00fccretsizdir.<\/li>\n<\/ul>\n<p><strong>Otopark<\/strong><\/p>\n<ul>\n<li><strong>\u00dccretsiz!<\/strong>Otelde (rezervasyon gerekli de\u011fildir) \u00fccretsiz \u00f6zel park yeri mevcuttur.<\/li>\n<\/ul>\n<p><strong>Hizmetler<\/strong><\/p>\n<ul>\n<li>Havaalan\u0131 servisi (\u00fccretli)<\/li>\n<li>24-saat a\u00e7\u0131k resepsiyon<\/li>\n<li>H\u0131zl\u0131 check-in\/check-out<\/li>\n<li>D\u00f6viz al\u0131m\/sat\u0131m<\/li>\n<li>Bagaj muhafazas\u0131<\/li>\n<li>Bebek bak\u0131m\u0131\/\u00e7ocuk hizmetleri<\/li>\n<li>\u00c7ama\u015f\u0131rhane<\/li>\n<li>Ayakkab\u0131 boyama<\/li>\n<li>Toplant\u0131\/ziyafet imk\u00e2nlar\u0131<\/li>\n<\/ul>\n<p><strong>Genel<\/strong><\/p>\n<ul>\n<li>Emanet kasas\u0131<\/li>\n<li>Sigara i\u00e7ilmeyen odalar<\/li>\n<li>Asans\u00f6r<\/li>\n<\/ul>\n<p><strong>Konu\u015fulan diller<\/strong><\/p>\n<ul>\n<li>T\u00fcrk\u00e7e<\/li>\n<li>\u0130ngilizce<\/li>\n<\/ul>\n<p><a href=\"http:\/\/www.merciahotel.com\/MerciaHotel\/wp-content\/uploads\/merciahotel_surdurulebilirlik_politikasi.jpeg\" rel=\"lightbox[196]\"><img loading=\"lazy\" class=\"alignleft size-medium wp-image-834\" src=\"http:\/\/www.merciahotel.com\/MerciaHotel\/wp-content\/uploads\/merciahotel_surdurulebilirlik_politikasi-222x300.jpeg\" alt=\"\" width=\"222\" height=\"300\" srcset=\"http:\/\/www.merciahotel.com\/MerciaHotel\/wp-content\/uploads\/merciahotel_surdurulebilirlik_politikasi-222x300.jpeg 222w, http:\/\/www.merciahotel.com\/MerciaHotel\/wp-content\/uploads\/merciahotel_surdurulebilirlik_politikasi-156x210.jpeg 156w, http:\/\/www.merciahotel.com\/MerciaHotel\/wp-content\/uploads\/merciahotel_surdurulebilirlik_politikasi.jpeg 748w\" sizes=\"(max-width: 222px) 100vw, 222px\" \/><\/a><\/p>\n<p>&nbsp;<\/p>\n","protected":false},"excerpt":{"rendered":"<p>\u00dclkemizde her y\u0131l gittik\u00e7e b\u00fcy\u00fcyen turizm gelirlerinden pay alman\u0131n gereklili\u011fine inanan \u00a0K\u0131z\u0131lkaplan \u015eirketler Grubu bu maksatla MAS Otel \u0130\u015fletmecili\u011fi Turizm \u0130n\u015faat San. Tic. Ltd. \u015eti.\u2019ni 2010 y\u0131l\u0131nda kurmu\u015f olup \u00f6zellikle \u015fehir otelcili\u011fi alan\u0131nda \u00e7al\u0131\u015fmalar\u0131na ba\u015flam\u0131\u015ft\u0131r. Bu kapsamda \u0130stanbul Kumburgaz\u2019da bir otel sat\u0131n al\u0131narak in\u015faat\u0131 yeniden projelendirilmi\u015f ve T.C. K\u00fclt\u00fcr ve Turizm Bakanl\u0131\u011f\u0131\u2019ndan 2013 y\u0131l\u0131na kadar s\u00fcreli Yat\u0131r\u0131m Te\u015fvik Belgesi al\u0131narak in\u015faata ba\u015flanm\u0131\u015ft\u0131r. 89 oda 178 yatak kapasiteli\u00a0 otelin in\u015faat\u0131 grup \u015firketimizden MSK Grup Yat\u0131r\u0131m taraf\u0131ndan zaman\u0131ndan \u00f6nce tamamlanm\u0131\u015f; 2012 Nisan\u2019\u0131nda a\u00e7\u0131lan Mercia Hotel &amp; Resorts y\u0131lsonuna do\u011fru ismini ve markas\u0131n\u0131 tescil ettirmi\u015ftir. Kumburgaz \/ B\u00fcy\u00fck\u00e7ekmece b\u00f6lgesinde gittik\u00e7e artan \u201cBusiness Hotel\u201d konseptine uygun olan ihtiya\u00e7tan yola \u00e7\u0131k\u0131larak ba\u015flayan yat\u0131r\u0131m karar\u0131m\u0131z\u0131n do\u011frulu\u011fu gittik\u00e7e artan doluluk oranlar\u0131yla sabit olup sundu\u011fumuz g\u00fcler y\u00fczl\u00fc hizmetin kalitesi gelen misafirlerimizin otelimizi tekrar tekrar tercih etmesinden de kolayl\u0131kla anla\u015f\u0131labilir. B\u00fcnyesinde toplant\u0131 salonlar\u0131, SPA, A\u00e7\u0131k Y\u00fczme Havuzu ve Fitness Merkezinin yan\u0131 s\u0131ra 2 adet restoran ve 2 adet bar\u0131 [&#8230;]<\/p>\n<div class=\"clearfix\"><a class=\"post-readmore\" href=\"http:\/\/www.merciahotel.com\/MerciaHotel\/?page_id=196\"><\/a><\/div>\n","protected":false},"author":1,"featured_media":0,"parent":0,"menu_order":0,"comment_status":"closed","ping_status":"open","template":"","meta":[],"_links":{"self":[{"href":"http:\/\/www.merciahotel.com\/MerciaHotel\/index.php?rest_route=\/wp\/v2\/pages\/196"}],"collection":[{"href":"http:\/\/www.merciahotel.com\/MerciaHotel\/index.php?rest_route=\/wp\/v2\/pages"}],"about":[{"href":"http:\/\/www.merciahotel.com\/MerciaHotel\/index.php?rest_route=\/wp\/v2\/types\/page"}],"author":[{"embeddable":true,"href":"http:\/\/www.merciahotel.com\/MerciaHotel\/index.php?rest_route=\/wp\/v2\/users\/1"}],"replies":[{"embeddable":true,"href":"http:\/\/www.merciahotel.com\/MerciaHotel\/index.php?rest_route=%2Fwp%2Fv2%2Fcomments&post=196"}],"version-history":[{"count":12,"href":"http:\/\/www.merciahotel.com\/MerciaHotel\/index.php?rest_route=\/wp\/v2\/pages\/196\/revisions"}],"predecessor-version":[{"id":835,"href":"http:\/\/www.merciahotel.com\/MerciaHotel\/index.php?rest_route=\/wp\/v2\/pages\/196\/revisions\/835"}],"wp:attachment":[{"href":"http:\/\/www.merciahotel.com\/MerciaHotel\/index.php?rest_route=%2Fwp%2Fv2%2Fmedia&parent=196"}],"curies":[{"name":"wp","href":"https:\/\/api.w.org\/{rel}","templated":true}]}}