{"id":107,"date":"2014-01-15T15:16:50","date_gmt":"2014-01-15T13:16:50","guid":{"rendered":"http:\/\/www.merciahotel.com\/MerciaHotel\/?page_id=107"},"modified":"2021-10-18T14:24:07","modified_gmt":"2021-10-18T11:24:07","slug":"rezervasyon","status":"publish","type":"page","link":"http:\/\/www.merciahotel.com\/MerciaHotel\/?page_id=107","title":{"rendered":"Rezervasyon"},"content":{"rendered":"<p><a href=\"http:\/\/www.merciahotel.com\/MerciaHotel\/rezervasyon.html\" target=\"_blank\" rel=\"noopener noreferrer\"><img loading=\"lazy\" class=\"alignnone size-full wp-image-667 alignleft\" src=\"http:\/\/www.merciahotel.com\/MerciaHotel\/wp-content\/uploads\/button.png\" alt=\"button\" width=\"250\" height=\"82\" \/><\/a><br \/>\n&nbsp;<\/p>\n<p><strong>Rezervasyonlar:<\/strong><\/p>\n<h2 style=\"text-align: left;\">Rezervasyon : +90 212 884 23 30<\/h2>\n<p>Oda Rezervasyonlar\u0131 i\u00e7in Rezervasyon ve Sat\u0131\u015f Ofis yetkililerimizden otelimizde konaklayaca\u011f\u0131n\u0131z tarihler i\u00e7in m\u00fcsaitlik bilgisini \u00f6\u011frenerek yapaca\u011f\u0131n\u0131z konaklama talepleriniz i\u00e7in taraf\u0131n\u0131za g\u00f6nderilecek olan Rezervasyon numaras\u0131 ve konfirmasyon ile birlikte Rezervasyonunuz yap\u0131lacakt\u0131r.<\/p>\n<p><strong>\u00c7ocuklar ve ilave yataklar:<\/strong><\/p>\n<p>18 ya\u015f\u0131ndan k\u00fc\u00e7\u00fck \u00e7ocuklar ebeveynleri ile ayn\u0131 odada 0-6 ya\u015f aras\u0131 1. ve 2. \u00e7ocuklar \u00dccretsiz, 7-12 ya\u015f aras\u0131 1. ve 2. \u00e7ocuklar % 50 indirimli, 12 ya\u015f\u0131ndan b\u00fcy\u00fck \u00e7ocuklar yeti\u015fkin stat\u00fcs\u00fcnde konaklar. Otelimizde konaklama ya\u015f\u0131 +18 dir. Odada kalacak ilave ki\u015filer i\u00e7in fiyat fark\u0131 \u00f6denerek ilave yatak konulur.<\/p>\n<p><strong>De\u011fi\u015fiklik &amp; \u0130ptaller:<\/strong><\/p>\n<p>M\u00fcnferit Rezervasyonlar i\u00e7in otele geli\u015f tarihinden 2 g\u00fcn (48 saat) \u00f6ncesine kadar, Grup talepleri i\u00e7in 1 hafta (7 g\u00fcn) \u00f6ncesine kadar de\u011fi\u015fiklik ve iptal yap\u0131labilir. \u0130ptal s\u00fcresi a\u015f\u0131m\u0131ndaki bildirimler i\u00e7in geli\u015f tarihine kadarki s\u00fcre i\u00e7in 1 gece \u00fccreti NO-SHOW olarak tahsil edilir.Geli\u015f tarihinde bildirilen\/bildirilmeyen de\u011fi\u015fiklikler ve iptaller i\u00e7in FULL NO-SHOW olarak konaklama \u00fccretinin tamam\u0131 tahsil edilir.<\/p>\n<p><strong>Konaklama Deyatlar\u0131 :<\/strong><\/p>\n<p>Otele giri\u015f saati 14:00<br \/>\nOtelden ayr\u0131l\u0131\u015f saati 12:00<\/p>\n<p>Evcil hayvan kabul edilmez.<\/p>\n","protected":false},"excerpt":{"rendered":"<p>&nbsp; Rezervasyonlar: Rezervasyon : +90 212 884 23 30 Oda Rezervasyonlar\u0131 i\u00e7in Rezervasyon ve Sat\u0131\u015f Ofis yetkililerimizden otelimizde konaklayaca\u011f\u0131n\u0131z tarihler i\u00e7in m\u00fcsaitlik bilgisini \u00f6\u011frenerek yapaca\u011f\u0131n\u0131z konaklama talepleriniz i\u00e7in taraf\u0131n\u0131za g\u00f6nderilecek olan Rezervasyon numaras\u0131 ve konfirmasyon ile birlikte Rezervasyonunuz yap\u0131lacakt\u0131r. \u00c7ocuklar ve ilave yataklar: 18 ya\u015f\u0131ndan k\u00fc\u00e7\u00fck \u00e7ocuklar ebeveynleri ile ayn\u0131 odada 0-6 ya\u015f aras\u0131 1. ve 2. \u00e7ocuklar \u00dccretsiz, 7-12 ya\u015f aras\u0131 1. ve 2. \u00e7ocuklar % 50 indirimli, 12 ya\u015f\u0131ndan b\u00fcy\u00fck \u00e7ocuklar yeti\u015fkin stat\u00fcs\u00fcnde konaklar. Otelimizde konaklama ya\u015f\u0131 +18 dir. Odada kalacak ilave ki\u015filer i\u00e7in fiyat fark\u0131 \u00f6denerek ilave yatak konulur. De\u011fi\u015fiklik &amp; \u0130ptaller: M\u00fcnferit Rezervasyonlar i\u00e7in otele geli\u015f tarihinden 2 g\u00fcn (48 saat) \u00f6ncesine kadar, Grup talepleri i\u00e7in 1 hafta (7 g\u00fcn) \u00f6ncesine kadar de\u011fi\u015fiklik ve iptal yap\u0131labilir. \u0130ptal s\u00fcresi a\u015f\u0131m\u0131ndaki bildirimler i\u00e7in geli\u015f tarihine kadarki s\u00fcre i\u00e7in 1 gece \u00fccreti NO-SHOW olarak tahsil edilir.Geli\u015f tarihinde bildirilen\/bildirilmeyen de\u011fi\u015fiklikler ve iptaller i\u00e7in FULL NO-SHOW olarak konaklama \u00fccretinin tamam\u0131 tahsil [&#8230;]<\/p>\n<div class=\"clearfix\"><a class=\"post-readmore\" href=\"http:\/\/www.merciahotel.com\/MerciaHotel\/?page_id=107\"><\/a><\/div>\n","protected":false},"author":1,"featured_media":0,"parent":0,"menu_order":0,"comment_status":"closed","ping_status":"open","template":"","meta":[],"_links":{"self":[{"href":"http:\/\/www.merciahotel.com\/MerciaHotel\/index.php?rest_route=\/wp\/v2\/pages\/107"}],"collection":[{"href":"http:\/\/www.merciahotel.com\/MerciaHotel\/index.php?rest_route=\/wp\/v2\/pages"}],"about":[{"href":"http:\/\/www.merciahotel.com\/MerciaHotel\/index.php?rest_route=\/wp\/v2\/types\/page"}],"author":[{"embeddable":true,"href":"http:\/\/www.merciahotel.com\/MerciaHotel\/index.php?rest_route=\/wp\/v2\/users\/1"}],"replies":[{"embeddable":true,"href":"http:\/\/www.merciahotel.com\/MerciaHotel\/index.php?rest_route=%2Fwp%2Fv2%2Fcomments&post=107"}],"version-history":[{"count":21,"href":"http:\/\/www.merciahotel.com\/MerciaHotel\/index.php?rest_route=\/wp\/v2\/pages\/107\/revisions"}],"predecessor-version":[{"id":781,"href":"http:\/\/www.merciahotel.com\/MerciaHotel\/index.php?rest_route=\/wp\/v2\/pages\/107\/revisions\/781"}],"wp:attachment":[{"href":"http:\/\/www.merciahotel.com\/MerciaHotel\/index.php?rest_route=%2Fwp%2Fv2%2Fmedia&parent=107"}],"curies":[{"name":"wp","href":"https:\/\/api.w.org\/{rel}","templated":true}]}}